{"id":1634,"date":"2019-03-18T08:43:54","date_gmt":"2019-03-18T07:43:54","guid":{"rendered":"https:\/\/advpeters.com\/?page_id=1634"},"modified":"2019-04-16T03:36:36","modified_gmt":"2019-04-16T01:36:36","slug":"f-links","status":"publish","type":"page","link":"https:\/\/advpeters.com\/en\/f-links\/","title":{"rendered":"F-LINKS"},"content":{"rendered":"\n<style type=\"text\/css\" data-created_by=\"avia_inline_auto\" id=\"style-css-av-js5vgtuk-3e93221c2dff8fa328afbcd816ea16db\">\n.avia-section.av-js5vgtuk-3e93221c2dff8fa328afbcd816ea16db{\nbackground-repeat:no-repeat;\nbackground-image:url(https:\/\/advpeters.com\/wp-content\/uploads\/2019\/03\/banner-bg2.jpg);\nbackground-position:50% 0%;\nbackground-attachment:scroll;\n}\n.avia-section.av-js5vgtuk-3e93221c2dff8fa328afbcd816ea16db .av-section-color-overlay{\nopacity:0.3;\nbackground-color:#000000;\n}\n<\/style>\n<div id='inner-banner'  class='avia-section av-js5vgtuk-3e93221c2dff8fa328afbcd816ea16db main_color avia-section-huge avia-no-border-styling  avia-builder-el-0  el_before_av_section  avia-builder-el-first  avia-bg-style-scroll av-section-color-overlay-active container_wrap fullsize'  data-section-bg-repeat='no-repeat'><div class=\"av-section-color-overlay-wrap\"><div class=\"av-section-color-overlay\"><\/div><div class='container av-section-cont-open' ><main  role=\"main\" itemprop=\"mainContentOfPage\"  class='template-page content  av-content-full alpha units'><div class='post-entry post-entry-type-page post-entry-1634'><div class='entry-content-wrapper clearfix'>\n\n<style type=\"text\/css\" data-created_by=\"avia_inline_auto\" id=\"style-css-av-88clq-64e788f63c623e3973449fe29004c3d4\">\n#top .flex_column.av-88clq-64e788f63c623e3973449fe29004c3d4{\nmargin-top:50px;\nmargin-bottom:50px;\n}\n.flex_column.av-88clq-64e788f63c623e3973449fe29004c3d4{\nborder-radius:0px 0px 0px 0px;\npadding:0px 0px 0px 0px;\n}\n.responsive #top #wrap_all .flex_column.av-88clq-64e788f63c623e3973449fe29004c3d4{\nmargin-top:50px;\nmargin-bottom:50px;\n}\n<\/style>\n<div  class='flex_column av-88clq-64e788f63c623e3973449fe29004c3d4 av_one_full  avia-builder-el-1  avia-builder-el-no-sibling  first flex_column_div av-zero-column-padding  '     ><style type=\"text\/css\" data-created_by=\"avia_inline_auto\" id=\"style-css-av-jsfhikhs-f098e7098f33912f668cb1d551fed84d\">\n#top .av-special-heading.av-jsfhikhs-f098e7098f33912f668cb1d551fed84d{\npadding-bottom:0;\ncolor:#ffffff;\nfont-size:40px;\n}\nbody .av-special-heading.av-jsfhikhs-f098e7098f33912f668cb1d551fed84d .av-special-heading-tag .heading-char{\nfont-size:25px;\n}\n#top #wrap_all .av-special-heading.av-jsfhikhs-f098e7098f33912f668cb1d551fed84d .av-special-heading-tag{\nfont-size:40px;\n}\n.av-special-heading.av-jsfhikhs-f098e7098f33912f668cb1d551fed84d .special-heading-inner-border{\nborder-color:#ffffff;\n}\n.av-special-heading.av-jsfhikhs-f098e7098f33912f668cb1d551fed84d .av-subheading{\nfont-size:15px;\n}\n\n@media only screen and (min-width: 480px) and (max-width: 767px){ \n#top #wrap_all .av-special-heading.av-jsfhikhs-f098e7098f33912f668cb1d551fed84d .av-special-heading-tag{\nfont-size:0.8em;\n}\n}\n\n@media only screen and (max-width: 479px){ \n#top #wrap_all .av-special-heading.av-jsfhikhs-f098e7098f33912f668cb1d551fed84d .av-special-heading-tag{\nfont-size:0.8em;\n}\n}\n<\/style>\n<div  class='av-special-heading av-jsfhikhs-f098e7098f33912f668cb1d551fed84d av-special-heading-h2 custom-color-heading blockquote modern-quote modern-centered  avia-builder-el-2  avia-builder-el-no-sibling  av-inherit-size'><h2 class='av-special-heading-tag'  itemprop=\"headline\"  >Links<\/h2><div class=\"special-heading-border\"><div class=\"special-heading-inner-border\"><\/div><\/div><\/div><\/div>\n\n<\/div><\/div><\/main><!-- close content main element --><\/div><\/div><\/div><div id='links-banner'  class='avia-section av-jsfhlczf-f0b9b8b792674da86261588599ac7908 main_color avia-section-large avia-no-border-styling  avia-builder-el-3  el_after_av_section  avia-builder-el-last  avia-bg-style-scroll container_wrap fullsize'  ><div class='container av-section-cont-open' ><div class='template-page content  av-content-full alpha units'><div class='post-entry post-entry-type-page post-entry-1634'><div class='entry-content-wrapper clearfix'>\n\n<style type=\"text\/css\" data-created_by=\"avia_inline_auto\" id=\"style-css-av-dh6ps-4fd7cb79d9910afe43d922d868895eaf\">\n.flex_column.av-dh6ps-4fd7cb79d9910afe43d922d868895eaf{\nborder-radius:0px 0px 0px 0px;\npadding:0px 0px 0px 0px;\n}\n<\/style>\n<div  class='flex_column av-dh6ps-4fd7cb79d9910afe43d922d868895eaf av_one_half  avia-builder-el-4  el_before_av_one_half  avia-builder-el-first  first flex_column_div av-zero-column-padding  '     ><p>\n<style type=\"text\/css\" data-created_by=\"avia_inline_auto\" id=\"style-css-av-1ucnfm-a8bc6320a52f9bcc2c9f0df8986ad09e\">\n#top .av-special-heading.av-1ucnfm-a8bc6320a52f9bcc2c9f0df8986ad09e{\npadding-bottom:10px;\ncolor:#2e2e2e;\nfont-size:28px;\n}\nbody .av-special-heading.av-1ucnfm-a8bc6320a52f9bcc2c9f0df8986ad09e .av-special-heading-tag .heading-char{\nfont-size:25px;\n}\n#top #wrap_all .av-special-heading.av-1ucnfm-a8bc6320a52f9bcc2c9f0df8986ad09e .av-special-heading-tag{\nfont-size:28px;\n}\n.av-special-heading.av-1ucnfm-a8bc6320a52f9bcc2c9f0df8986ad09e .special-heading-inner-border{\nborder-color:#2e2e2e;\n}\n.av-special-heading.av-1ucnfm-a8bc6320a52f9bcc2c9f0df8986ad09e .av-subheading{\nfont-size:15px;\n}\n\n@media only screen and (min-width: 480px) and (max-width: 767px){ \n#top #wrap_all .av-special-heading.av-1ucnfm-a8bc6320a52f9bcc2c9f0df8986ad09e .av-special-heading-tag{\nfont-size:0.8em;\n}\n}\n\n@media only screen and (max-width: 479px){ \n#top #wrap_all .av-special-heading.av-1ucnfm-a8bc6320a52f9bcc2c9f0df8986ad09e .av-special-heading-tag{\nfont-size:0.8em;\n}\n}\n<\/style>\n<div  class='av-special-heading av-1ucnfm-a8bc6320a52f9bcc2c9f0df8986ad09e av-special-heading-h2 custom-color-heading blockquote modern-quote  avia-builder-el-5  el_before_av_iconlist  avia-builder-el-first  av-inherit-size'><h2 class='av-special-heading-tag'  itemprop=\"headline\"  > Autorit\u00e9s:<\/h2><div class=\"special-heading-border\"><div class=\"special-heading-inner-border\"><\/div><\/div><\/div><br \/>\n\n<style type=\"text\/css\" data-created_by=\"avia_inline_auto\" id=\"style-css-av-jsy36beh-5130aa5b9efcb5f8a30de0ee42d752bc\">\n#top .avia-icon-list-container.av-jsy36beh-5130aa5b9efcb5f8a30de0ee42d752bc .iconlist_icon{\ncolor:#174b87;\nfont-size:16px;\n}\n#top #wrap_all .avia-icon-list-container.av-jsy36beh-5130aa5b9efcb5f8a30de0ee42d752bc .av_iconlist_title{\nfont-size:16px;\ncolor:#174b87;\n}\n<\/style>\n<div  class='avia-icon-list-container av-jsy36beh-5130aa5b9efcb5f8a30de0ee42d752bc  avia-builder-el-6  el_after_av_heading  avia-builder-el-last  links-icon'><ul class='avia-icon-list avia_animate_when_almost_visible avia-icon-list-left av-iconlist-small av-jsy36beh-5130aa5b9efcb5f8a30de0ee42d752bc avia-iconlist-animate'>\n<li><div class='iconlist_icon av-1pnnbu-2b0db5f8ea4235630d79bf993d8379dc avia-font-fontello'><span class='iconlist-char' aria-hidden='true' data-av_icon='\ue807' data-av_iconfont='fontello'><\/span><\/div><article class=\"article-icon-entry av-iconlist-empty\"  itemscope=\"itemscope\" itemtype=\"https:\/\/schema.org\/CreativeWork\" ><div class=\"iconlist_content_wrap\"><header class=\"entry-content-header\"><div class='av_iconlist_title iconlist_title_small  av_inherit_color'  itemprop=\"headline\" ><a href='https:\/\/www.estv.admin.ch\/index.html?lang=de' title='Administration f\u00e9d\u00e9rale des contributions AFC'>Administration f\u00e9d\u00e9rale des contributions AFC<\/a><\/div><\/header><div class='iconlist_content '  itemprop=\"text\" ><\/div><\/div><footer class=\"entry-footer\"><\/footer><\/article><div class=\"iconlist-timeline\"><\/div><\/li>\n<li><div class='iconlist_icon av-1j9u6i-4bcc4993b93e7a356a8d8c01100469c6 avia-font-fontello'><span class='iconlist-char' aria-hidden='true' data-av_icon='\ue80f' data-av_iconfont='fontello'><\/span><\/div><article class=\"article-icon-entry av-iconlist-empty\"  itemscope=\"itemscope\" itemtype=\"https:\/\/schema.org\/CreativeWork\" ><div class=\"iconlist_content_wrap\"><header class=\"entry-content-header\"><div class='av_iconlist_title iconlist_title_small  av_inherit_color'  itemprop=\"headline\" ><a href='https:\/\/www.estv.admin.ch\/mwst\/aktuell\/index.html?lang=de' title='Actualit\u00e9s sur la TVA'>Actualit\u00e9s sur la TVA<\/a><\/div><\/header><div class='iconlist_content '  itemprop=\"text\" ><\/div><\/div><footer class=\"entry-footer\"><\/footer><\/article><div class=\"iconlist-timeline\"><\/div><\/li>\n<li><div class='iconlist_icon av-1gk57e-75141678077af4113ec637d2ede4e993 avia-font-fontello'><span class='iconlist-char' aria-hidden='true' data-av_icon='\ue810' data-av_iconfont='fontello'><\/span><\/div><article class=\"article-icon-entry av-iconlist-empty\"  itemscope=\"itemscope\" itemtype=\"https:\/\/schema.org\/CreativeWork\" ><div class=\"iconlist_content_wrap\"><header class=\"entry-content-header\"><div class='av_iconlist_title iconlist_title_small  av_inherit_color'  itemprop=\"headline\" ><a href='https:\/\/www.ch.ch\/de\/' title='Les autorit\u00e9s suisses en ligne'>Les autorit\u00e9s suisses en ligne<\/a><\/div><\/header><div class='iconlist_content '  itemprop=\"text\" ><\/div><\/div><footer class=\"entry-footer\"><\/footer><\/article><div class=\"iconlist-timeline\"><\/div><\/li>\n<li><div class='iconlist_icon av-1adphm-67ead0580e7d54f4ea7243895e43223b avia-font-fontello'><span class='iconlist-char' aria-hidden='true' data-av_icon='\ue811' data-av_iconfont='fontello'><\/span><\/div><article class=\"article-icon-entry av-iconlist-empty\"  itemscope=\"itemscope\" itemtype=\"https:\/\/schema.org\/CreativeWork\" ><div class=\"iconlist_content_wrap\"><header class=\"entry-content-header\"><div class='av_iconlist_title iconlist_title_small  av_inherit_color'  itemprop=\"headline\" ><a href='https:\/\/advpeters.com\/e-links\/www.zefix.ch' title='Index central des raisons de commerce'>Index central des raisons de commerce<\/a><\/div><\/header><div class='iconlist_content '  itemprop=\"text\" ><\/div><\/div><footer class=\"entry-footer\"><\/footer><\/article><div class=\"iconlist-timeline\"><\/div><\/li>\n<li><div class='iconlist_icon av-119zne-a872d031dcc0a8f0fc81b10ed203e6e2 avia-font-fontello'><span class='iconlist-char' aria-hidden='true' data-av_icon='\ue812' data-av_iconfont='fontello'><\/span><\/div><article class=\"article-icon-entry av-iconlist-empty\"  itemscope=\"itemscope\" itemtype=\"https:\/\/schema.org\/CreativeWork\" ><div class=\"iconlist_content_wrap\"><header class=\"entry-content-header\"><div class='av_iconlist_title iconlist_title_small  av_inherit_color'  itemprop=\"headline\" ><a href='https:\/\/www.zefix.ch\/zfx-cgi\/hrform.cgi\/hraPage?alle_eintr=on&amp;pers_sort=original&amp;pers_num=0&amp;language=1&amp;col_width=366&amp;amt=007' title='Les registres du commerce en Suisse'>Les registres du commerce en Suisse<\/a><\/div><\/header><div class='iconlist_content '  itemprop=\"text\" ><\/div><\/div><footer class=\"entry-footer\"><\/footer><\/article><div class=\"iconlist-timeline\"><\/div><\/li>\n<\/ul><\/div><\/p><\/div>\n<style type=\"text\/css\" data-created_by=\"avia_inline_auto\" id=\"style-css-av-109g8-9640da4e1a945c332fef5d8eac56f292\">\n.flex_column.av-109g8-9640da4e1a945c332fef5d8eac56f292{\nborder-radius:0px 0px 0px 0px;\npadding:0px 0px 0px 0px;\n}\n<\/style>\n<div  class='flex_column av-109g8-9640da4e1a945c332fef5d8eac56f292 av_one_half  avia-builder-el-7  el_after_av_one_half  avia-builder-el-last  flex_column_div av-zero-column-padding  '     ><p>\n<style type=\"text\/css\" data-created_by=\"avia_inline_auto\" id=\"style-css-av-x3s8q-1ccf8bc6867252fec52d22b4e3f446ef\">\n#top .av-special-heading.av-x3s8q-1ccf8bc6867252fec52d22b4e3f446ef{\npadding-bottom:10px;\ncolor:#2e2e2e;\nfont-size:28px;\n}\nbody .av-special-heading.av-x3s8q-1ccf8bc6867252fec52d22b4e3f446ef .av-special-heading-tag .heading-char{\nfont-size:25px;\n}\n#top #wrap_all .av-special-heading.av-x3s8q-1ccf8bc6867252fec52d22b4e3f446ef .av-special-heading-tag{\nfont-size:28px;\n}\n.av-special-heading.av-x3s8q-1ccf8bc6867252fec52d22b4e3f446ef .special-heading-inner-border{\nborder-color:#2e2e2e;\n}\n.av-special-heading.av-x3s8q-1ccf8bc6867252fec52d22b4e3f446ef .av-subheading{\nfont-size:15px;\n}\n\n@media only screen and (min-width: 480px) and (max-width: 767px){ \n#top #wrap_all .av-special-heading.av-x3s8q-1ccf8bc6867252fec52d22b4e3f446ef .av-special-heading-tag{\nfont-size:0.8em;\n}\n}\n\n@media only screen and (max-width: 479px){ \n#top #wrap_all .av-special-heading.av-x3s8q-1ccf8bc6867252fec52d22b4e3f446ef .av-special-heading-tag{\nfont-size:0.8em;\n}\n}\n<\/style>\n<div  class='av-special-heading av-x3s8q-1ccf8bc6867252fec52d22b4e3f446ef av-special-heading-h2 custom-color-heading blockquote modern-quote  avia-builder-el-8  el_before_av_iconlist  avia-builder-el-first  av-inherit-size'><h2 class='av-special-heading-tag'  itemprop=\"headline\"  >Liens vers les places boursi\u00e8res:<\/h2><div class=\"special-heading-border\"><div class=\"special-heading-inner-border\"><\/div><\/div><\/div><br \/>\n\n<style type=\"text\/css\" data-created_by=\"avia_inline_auto\" id=\"style-css-av-jsy36beh-5130aa5b9efcb5f8a30de0ee42d752bc\">\n#top .avia-icon-list-container.av-jsy36beh-5130aa5b9efcb5f8a30de0ee42d752bc .iconlist_icon{\ncolor:#174b87;\nfont-size:16px;\n}\n#top #wrap_all .avia-icon-list-container.av-jsy36beh-5130aa5b9efcb5f8a30de0ee42d752bc .av_iconlist_title{\nfont-size:16px;\ncolor:#174b87;\n}\n<\/style>\n<div  class='avia-icon-list-container av-jsy36beh-5130aa5b9efcb5f8a30de0ee42d752bc  avia-builder-el-9  el_after_av_heading  avia-builder-el-last  links-icon'><ul class='avia-icon-list avia_animate_when_almost_visible avia-icon-list-left av-iconlist-small av-jsy36beh-5130aa5b9efcb5f8a30de0ee42d752bc avia-iconlist-animate'>\n<li><div class='iconlist_icon av-2hnjm-118c3e3ae1b8973e64d6e027a9f5d40e avia-font-fontello'><span class='iconlist-char' aria-hidden='true' data-av_icon='\ue813' data-av_iconfont='fontello'><\/span><\/div><article class=\"article-icon-entry av-iconlist-empty\"  itemscope=\"itemscope\" itemtype=\"https:\/\/schema.org\/CreativeWork\" ><div class=\"iconlist_content_wrap\"><header class=\"entry-content-header\"><div class='av_iconlist_title iconlist_title_small  av_inherit_color'  itemprop=\"headline\" ><a href='https:\/\/advpeters.com\/e-links\/www.six-swiss-exchange.com\/index.html' title='Bourse Zurich'>Bourse Zurich<\/a><\/div><\/header><div class='iconlist_content '  itemprop=\"text\" ><\/div><\/div><footer class=\"entry-footer\"><\/footer><\/article><div class=\"iconlist-timeline\"><\/div><\/li>\n<li><div class='iconlist_icon av-jzaze-6762eeecf4694d9ed1369c9ae42f4725 avia-font-fontello'><span class='iconlist-char' aria-hidden='true' data-av_icon='\ue813' data-av_iconfont='fontello'><\/span><\/div><article class=\"article-icon-entry av-iconlist-empty\"  itemscope=\"itemscope\" itemtype=\"https:\/\/schema.org\/CreativeWork\" ><div class=\"iconlist_content_wrap\"><header class=\"entry-content-header\"><div class='av_iconlist_title iconlist_title_small  av_inherit_color'  itemprop=\"headline\" ><a href='https:\/\/www.boerse-stuttgart.de' title='Bourse Stuttgart'>Bourse Stuttgart<\/a><\/div><\/header><div class='iconlist_content '  itemprop=\"text\" ><\/div><\/div><footer class=\"entry-footer\"><\/footer><\/article><div class=\"iconlist-timeline\"><\/div><\/li>\n<li><div class='iconlist_icon av-1htf6-bc0fea066f421200f43e4603c2845bfb avia-font-fontello'><span class='iconlist-char' aria-hidden='true' data-av_icon='\ue813' data-av_iconfont='fontello'><\/span><\/div><article class=\"article-icon-entry av-iconlist-empty\"  itemscope=\"itemscope\" itemtype=\"https:\/\/schema.org\/CreativeWork\" ><div class=\"iconlist_content_wrap\"><header class=\"entry-content-header\"><div class='av_iconlist_title iconlist_title_small  av_inherit_color'  itemprop=\"headline\" ><a href='https:\/\/advpeters.com\/e-links\/www.londonstockexchange.com\/home\/homepage.html' title='Bourse Londres'>Bourse Londres<\/a><\/div><\/header><div class='iconlist_content '  itemprop=\"text\" ><\/div><\/div><footer class=\"entry-footer\"><\/footer><\/article><div class=\"iconlist-timeline\"><\/div><\/li>\n<li><div class='iconlist_icon av-7mu7m-1a131596c653856d7cb65900f5d982f5 avia-font-fontello'><span class='iconlist-char' aria-hidden='true' data-av_icon='\ue813' data-av_iconfont='fontello'><\/span><\/div><article class=\"article-icon-entry av-iconlist-empty\"  itemscope=\"itemscope\" itemtype=\"https:\/\/schema.org\/CreativeWork\" ><div class=\"iconlist_content_wrap\"><header class=\"entry-content-header\"><div class='av_iconlist_title iconlist_title_small  av_inherit_color'  itemprop=\"headline\" ><a href='https:\/\/advpeters.com\/e-links\/www.londonstockexchange.com\/home\/homepage.html' title='Bourse S\u00e3o Paulo'>Bourse S\u00e3o Paulo<\/a><\/div><\/header><div class='iconlist_content '  itemprop=\"text\" ><\/div><\/div><footer class=\"entry-footer\"><\/footer><\/article><div class=\"iconlist-timeline\"><\/div><\/li>\n<\/ul><\/div><\/p><\/div>\n\n","protected":false},"excerpt":{"rendered":"","protected":false},"author":4,"featured_media":0,"parent":0,"menu_order":0,"comment_status":"closed","ping_status":"closed","template":"","meta":{"footnotes":""},"class_list":["post-1634","page","type-page","status-publish","hentry"],"yoast_head":"<!-- This site is optimized with the Yoast SEO plugin v19.8 - https:\/\/yoast.com\/wordpress\/plugins\/seo\/ -->\n<title>F-LINKS - ADV Peters<\/title>\n<meta name=\"description\" content=\"Grosses Netzwerk von verschiedenen spezialisierten Anw\u00e4lten, die Sie kompetent und schnell beraten. Ein Netzwerk von Anw\u00e4lten und Steuer- und Anlagespezialisten\" \/>\n<meta name=\"robots\" content=\"index, follow, max-snippet:-1, max-image-preview:large, max-video-preview:-1\" \/>\n<link rel=\"canonical\" href=\"https:\/\/advpeters.com\/en\/f-links\/\" \/>\n<meta property=\"og:locale\" content=\"en_US\" \/>\n<meta property=\"og:type\" content=\"article\" \/>\n<meta property=\"og:title\" content=\"F-LINKS - ADV Peters\" \/>\n<meta property=\"og:description\" content=\"Grosses Netzwerk von verschiedenen spezialisierten Anw\u00e4lten, die Sie kompetent und schnell beraten. Ein Netzwerk von Anw\u00e4lten und Steuer- und Anlagespezialisten\" \/>\n<meta property=\"og:url\" content=\"https:\/\/advpeters.com\/en\/f-links\/\" \/>\n<meta property=\"og:site_name\" content=\"ADV Peters\" \/>\n<meta property=\"article:modified_time\" content=\"2019-04-16T01:36:36+00:00\" \/>\n<meta name=\"twitter:card\" content=\"summary_large_image\" \/>\n<meta name=\"twitter:label1\" content=\"Est. reading time\" \/>\n\t<meta name=\"twitter:data1\" content=\"6 minutes\" \/>\n<script type=\"application\/ld+json\" class=\"yoast-schema-graph\">{\"@context\":\"https:\/\/schema.org\",\"@graph\":[{\"@type\":\"WebPage\",\"@id\":\"https:\/\/advpeters.com\/en\/f-links\/\",\"url\":\"https:\/\/advpeters.com\/en\/f-links\/\",\"name\":\"F-LINKS - ADV Peters\",\"isPartOf\":{\"@id\":\"https:\/\/advpeters.com\/pt-br\/#website\"},\"datePublished\":\"2019-03-18T07:43:54+00:00\",\"dateModified\":\"2019-04-16T01:36:36+00:00\",\"description\":\"Grosses Netzwerk von verschiedenen spezialisierten Anw\u00e4lten, die Sie kompetent und schnell beraten. Ein Netzwerk von Anw\u00e4lten und Steuer- und Anlagespezialisten\",\"breadcrumb\":{\"@id\":\"https:\/\/advpeters.com\/en\/f-links\/#breadcrumb\"},\"inLanguage\":\"en-US\",\"potentialAction\":[{\"@type\":\"ReadAction\",\"target\":[\"https:\/\/advpeters.com\/en\/f-links\/\"]}]},{\"@type\":\"BreadcrumbList\",\"@id\":\"https:\/\/advpeters.com\/en\/f-links\/#breadcrumb\",\"itemListElement\":[{\"@type\":\"ListItem\",\"position\":1,\"name\":\"Home\",\"item\":\"https:\/\/advpeters.com\/en\/home\/\"},{\"@type\":\"ListItem\",\"position\":2,\"name\":\"F-LINKS\"}]},{\"@type\":\"WebSite\",\"@id\":\"https:\/\/advpeters.com\/pt-br\/#website\",\"url\":\"https:\/\/advpeters.com\/pt-br\/\",\"name\":\"ADV Peters\",\"description\":\"Anw\u00e4lte-Netzwerk\",\"potentialAction\":[{\"@type\":\"SearchAction\",\"target\":{\"@type\":\"EntryPoint\",\"urlTemplate\":\"https:\/\/advpeters.com\/pt-br\/?s={search_term_string}\"},\"query-input\":\"required name=search_term_string\"}],\"inLanguage\":\"en-US\"}]}<\/script>\n<!-- \/ Yoast SEO plugin. -->","yoast_head_json":{"title":"F-LINKS - ADV Peters","description":"Grosses Netzwerk von verschiedenen spezialisierten Anw\u00e4lten, die Sie kompetent und schnell beraten. Ein Netzwerk von Anw\u00e4lten und Steuer- und Anlagespezialisten","robots":{"index":"index","follow":"follow","max-snippet":"max-snippet:-1","max-image-preview":"max-image-preview:large","max-video-preview":"max-video-preview:-1"},"canonical":"https:\/\/advpeters.com\/en\/f-links\/","og_locale":"en_US","og_type":"article","og_title":"F-LINKS - ADV Peters","og_description":"Grosses Netzwerk von verschiedenen spezialisierten Anw\u00e4lten, die Sie kompetent und schnell beraten. Ein Netzwerk von Anw\u00e4lten und Steuer- und Anlagespezialisten","og_url":"https:\/\/advpeters.com\/en\/f-links\/","og_site_name":"ADV Peters","article_modified_time":"2019-04-16T01:36:36+00:00","twitter_card":"summary_large_image","twitter_misc":{"Est. reading time":"6 minutes"},"schema":{"@context":"https:\/\/schema.org","@graph":[{"@type":"WebPage","@id":"https:\/\/advpeters.com\/en\/f-links\/","url":"https:\/\/advpeters.com\/en\/f-links\/","name":"F-LINKS - ADV Peters","isPartOf":{"@id":"https:\/\/advpeters.com\/pt-br\/#website"},"datePublished":"2019-03-18T07:43:54+00:00","dateModified":"2019-04-16T01:36:36+00:00","description":"Grosses Netzwerk von verschiedenen spezialisierten Anw\u00e4lten, die Sie kompetent und schnell beraten. Ein Netzwerk von Anw\u00e4lten und Steuer- und Anlagespezialisten","breadcrumb":{"@id":"https:\/\/advpeters.com\/en\/f-links\/#breadcrumb"},"inLanguage":"en-US","potentialAction":[{"@type":"ReadAction","target":["https:\/\/advpeters.com\/en\/f-links\/"]}]},{"@type":"BreadcrumbList","@id":"https:\/\/advpeters.com\/en\/f-links\/#breadcrumb","itemListElement":[{"@type":"ListItem","position":1,"name":"Home","item":"https:\/\/advpeters.com\/en\/home\/"},{"@type":"ListItem","position":2,"name":"F-LINKS"}]},{"@type":"WebSite","@id":"https:\/\/advpeters.com\/pt-br\/#website","url":"https:\/\/advpeters.com\/pt-br\/","name":"ADV Peters","description":"Anw\u00e4lte-Netzwerk","potentialAction":[{"@type":"SearchAction","target":{"@type":"EntryPoint","urlTemplate":"https:\/\/advpeters.com\/pt-br\/?s={search_term_string}"},"query-input":"required name=search_term_string"}],"inLanguage":"en-US"}]}},"_links":{"self":[{"href":"https:\/\/advpeters.com\/en\/wp-json\/wp\/v2\/pages\/1634","targetHints":{"allow":["GET"]}}],"collection":[{"href":"https:\/\/advpeters.com\/en\/wp-json\/wp\/v2\/pages"}],"about":[{"href":"https:\/\/advpeters.com\/en\/wp-json\/wp\/v2\/types\/page"}],"author":[{"embeddable":true,"href":"https:\/\/advpeters.com\/en\/wp-json\/wp\/v2\/users\/4"}],"replies":[{"embeddable":true,"href":"https:\/\/advpeters.com\/en\/wp-json\/wp\/v2\/comments?post=1634"}],"version-history":[{"count":2,"href":"https:\/\/advpeters.com\/en\/wp-json\/wp\/v2\/pages\/1634\/revisions"}],"predecessor-version":[{"id":1640,"href":"https:\/\/advpeters.com\/en\/wp-json\/wp\/v2\/pages\/1634\/revisions\/1640"}],"wp:attachment":[{"href":"https:\/\/advpeters.com\/en\/wp-json\/wp\/v2\/media?parent=1634"}],"curies":[{"name":"wp","href":"https:\/\/api.w.org\/{rel}","templated":true}]}}