{"id":1989,"date":"2019-03-20T15:50:31","date_gmt":"2019-03-20T14:50:31","guid":{"rendered":"https:\/\/advpeters.com\/?page_id=1989"},"modified":"2019-08-08T17:03:30","modified_gmt":"2019-08-08T15:03:30","slug":"p-links","status":"publish","type":"page","link":"https:\/\/advpeters.com\/pt-br\/p-links\/","title":{"rendered":"P-LINKS"},"content":{"rendered":"\n<style type=\"text\/css\" data-created_by=\"avia_inline_auto\" id=\"style-css-av-js5vgtuk-3e93221c2dff8fa328afbcd816ea16db\">\n.avia-section.av-js5vgtuk-3e93221c2dff8fa328afbcd816ea16db{\nbackground-repeat:no-repeat;\nbackground-image:url(https:\/\/advpeters.com\/wp-content\/uploads\/2019\/03\/banner-bg2.jpg);\nbackground-position:50% 0%;\nbackground-attachment:scroll;\n}\n.avia-section.av-js5vgtuk-3e93221c2dff8fa328afbcd816ea16db .av-section-color-overlay{\nopacity:0.3;\nbackground-color:#000000;\n}\n<\/style>\n<div id='inner-banner'  class='avia-section av-js5vgtuk-3e93221c2dff8fa328afbcd816ea16db main_color avia-section-huge avia-no-border-styling  avia-builder-el-0  el_before_av_section  avia-builder-el-first  avia-bg-style-scroll av-section-color-overlay-active container_wrap fullsize'  data-section-bg-repeat='no-repeat'><div class=\"av-section-color-overlay-wrap\"><div class=\"av-section-color-overlay\"><\/div><div class='container av-section-cont-open' ><main  role=\"main\" itemprop=\"mainContentOfPage\"  class='template-page content  av-content-full alpha units'><div class='post-entry post-entry-type-page post-entry-1989'><div class='entry-content-wrapper clearfix'>\n\n<style type=\"text\/css\" data-created_by=\"avia_inline_auto\" id=\"style-css-av-88clq-64e788f63c623e3973449fe29004c3d4\">\n#top .flex_column.av-88clq-64e788f63c623e3973449fe29004c3d4{\nmargin-top:50px;\nmargin-bottom:50px;\n}\n.flex_column.av-88clq-64e788f63c623e3973449fe29004c3d4{\nborder-radius:0px 0px 0px 0px;\npadding:0px 0px 0px 0px;\n}\n.responsive #top #wrap_all .flex_column.av-88clq-64e788f63c623e3973449fe29004c3d4{\nmargin-top:50px;\nmargin-bottom:50px;\n}\n<\/style>\n<div  class='flex_column av-88clq-64e788f63c623e3973449fe29004c3d4 av_one_full  avia-builder-el-1  avia-builder-el-no-sibling  first flex_column_div av-zero-column-padding  '     ><style type=\"text\/css\" data-created_by=\"avia_inline_auto\" id=\"style-css-av-jts6nbms-13b0f7fcca74336474073199d8779eca\">\n#top .av-special-heading.av-jts6nbms-13b0f7fcca74336474073199d8779eca{\npadding-bottom:0;\ncolor:#ffffff;\nfont-size:40px;\n}\nbody .av-special-heading.av-jts6nbms-13b0f7fcca74336474073199d8779eca .av-special-heading-tag .heading-char{\nfont-size:25px;\n}\n#top #wrap_all .av-special-heading.av-jts6nbms-13b0f7fcca74336474073199d8779eca .av-special-heading-tag{\nfont-size:40px;\n}\n.av-special-heading.av-jts6nbms-13b0f7fcca74336474073199d8779eca .special-heading-inner-border{\nborder-color:#ffffff;\n}\n.av-special-heading.av-jts6nbms-13b0f7fcca74336474073199d8779eca .av-subheading{\nfont-size:15px;\n}\n\n@media only screen and (min-width: 768px) and (max-width: 989px){ \n#top #wrap_all .av-special-heading.av-jts6nbms-13b0f7fcca74336474073199d8779eca .av-special-heading-tag{\nfont-size:30px;\n}\n}\n\n@media only screen and (min-width: 480px) and (max-width: 767px){ \n#top #wrap_all .av-special-heading.av-jts6nbms-13b0f7fcca74336474073199d8779eca .av-special-heading-tag{\nfont-size:25px;\n}\n}\n\n@media only screen and (max-width: 479px){ \n#top #wrap_all .av-special-heading.av-jts6nbms-13b0f7fcca74336474073199d8779eca .av-special-heading-tag{\nfont-size:25px;\n}\n}\n<\/style>\n<div  class='av-special-heading av-jts6nbms-13b0f7fcca74336474073199d8779eca av-special-heading-h2 custom-color-heading blockquote modern-quote modern-centered  avia-builder-el-2  avia-builder-el-no-sibling  av-inherit-size'><h2 class='av-special-heading-tag'  itemprop=\"headline\"  >Links<\/h2><div class=\"special-heading-border\"><div class=\"special-heading-inner-border\"><\/div><\/div><\/div><\/div>\n\n<\/div><\/div><\/main><!-- close content main element --><\/div><\/div><\/div><div id='links-banner'  class='avia-section av-jsfhlczf-f0b9b8b792674da86261588599ac7908 main_color avia-section-large avia-no-border-styling  avia-builder-el-3  el_after_av_section  avia-builder-el-last  avia-bg-style-scroll container_wrap fullsize'  ><div class='container av-section-cont-open' ><div class='template-page content  av-content-full alpha units'><div class='post-entry post-entry-type-page post-entry-1989'><div class='entry-content-wrapper clearfix'>\n\n<style type=\"text\/css\" data-created_by=\"avia_inline_auto\" id=\"style-css-av-dh6ps-7bf3bf644890b9920dd7e456796b1203\">\n.flex_column.av-dh6ps-7bf3bf644890b9920dd7e456796b1203{\nborder-radius:0px 0px 0px 0px;\npadding:0px 0px 0px 0px;\n}\n<\/style>\n<div  class='flex_column av-dh6ps-7bf3bf644890b9920dd7e456796b1203 av_one_half  avia-builder-el-4  el_before_av_one_half  avia-builder-el-first  first av-break-at-tablet flex_column_div av-zero-column-padding  '     ><p>\n<style type=\"text\/css\" data-created_by=\"avia_inline_auto\" id=\"style-css-av-av_heading-21a9ab8c8d5d190281d3c280e75b4ab7\">\n#top .av-special-heading.av-av_heading-21a9ab8c8d5d190281d3c280e75b4ab7{\npadding-bottom:10px;\ncolor:#2e2e2e;\nfont-size:28px;\n}\nbody .av-special-heading.av-av_heading-21a9ab8c8d5d190281d3c280e75b4ab7 .av-special-heading-tag .heading-char{\nfont-size:25px;\n}\n#top #wrap_all .av-special-heading.av-av_heading-21a9ab8c8d5d190281d3c280e75b4ab7 .av-special-heading-tag{\nfont-size:28px;\n}\n.av-special-heading.av-av_heading-21a9ab8c8d5d190281d3c280e75b4ab7 .special-heading-inner-border{\nborder-color:#2e2e2e;\n}\n.av-special-heading.av-av_heading-21a9ab8c8d5d190281d3c280e75b4ab7 .av-subheading{\nfont-size:15px;\n}\n\n@media only screen and (min-width: 480px) and (max-width: 767px){ \n#top #wrap_all .av-special-heading.av-av_heading-21a9ab8c8d5d190281d3c280e75b4ab7 .av-special-heading-tag{\nfont-size:0.8em;\n}\n}\n\n@media only screen and (max-width: 479px){ \n#top #wrap_all .av-special-heading.av-av_heading-21a9ab8c8d5d190281d3c280e75b4ab7 .av-special-heading-tag{\nfont-size:0.8em;\n}\n}\n<\/style>\n<div  class='av-special-heading av-av_heading-21a9ab8c8d5d190281d3c280e75b4ab7 av-special-heading-h2 custom-color-heading blockquote modern-quote  avia-builder-el-5  el_before_av_iconlist  avia-builder-el-first  av-inherit-size'><h2 class='av-special-heading-tag'  itemprop=\"headline\"  >Org\u00e3os p\u00fablicos:<\/h2><div class=\"special-heading-border\"><div class=\"special-heading-inner-border\"><\/div><\/div><\/div><br \/>\n\n<style type=\"text\/css\" data-created_by=\"avia_inline_auto\" id=\"style-css-av-jsy36beh-6ebfbe034eef50741f6180ed8c1252ce\">\n#top .avia-icon-list-container.av-jsy36beh-6ebfbe034eef50741f6180ed8c1252ce .iconlist_icon{\ncolor:#174b87;\nfont-size:16px;\n}\n#top #wrap_all .avia-icon-list-container.av-jsy36beh-6ebfbe034eef50741f6180ed8c1252ce .av_iconlist_title{\nfont-size:16px;\ncolor:#174b87;\n}\n\n@media only screen and (max-width: 479px){ \n#top #wrap_all .avia-icon-list-container.av-jsy36beh-6ebfbe034eef50741f6180ed8c1252ce .av_iconlist_title{\nfont-size:14px;\n}\n}\n<\/style>\n<div  class='avia-icon-list-container av-jsy36beh-6ebfbe034eef50741f6180ed8c1252ce  avia-builder-el-6  el_after_av_heading  avia-builder-el-last  links-icon'><ul class='avia-icon-list avia_animate_when_almost_visible avia-icon-list-left av-iconlist-small av-jsy36beh-6ebfbe034eef50741f6180ed8c1252ce avia-iconlist-animate'>\n<li><div class='iconlist_icon av-4637f9-518b40f516873aff76465a6a158ba7f5 avia-font-entypo-fontello'><span class='iconlist-char' aria-hidden='true' data-av_icon='\ue881' data-av_iconfont='entypo-fontello'><\/span><\/div><article class=\"article-icon-entry av-iconlist-empty\"  itemscope=\"itemscope\" itemtype=\"https:\/\/schema.org\/CreativeWork\" ><div class=\"iconlist_content_wrap\"><header class=\"entry-content-header\"><div class='av_iconlist_title iconlist_title_small  av_inherit_color'  itemprop=\"headline\" ><a href='http:\/\/www.stj.jus.br\/sites\/STJ\/' title='Superior Tribunal da Justi\u00e7a (STJ) Brasil' target=\"_blank\" rel=\"noopener noreferrer\">Superior Tribunal da Justi\u00e7a (STJ) Brasil<\/a><\/div><\/header><div class='iconlist_content '  itemprop=\"text\" ><\/div><\/div><footer class=\"entry-footer\"><\/footer><\/article><div class=\"iconlist-timeline\"><\/div><\/li>\n<li><div class='iconlist_icon av-av_iconlist_item-dafa7010195bd25b066d0895ef4cf278 avia-font-entypo-fontello'><span class='iconlist-char' aria-hidden='true' data-av_icon='\ue881' data-av_iconfont='entypo-fontello'><\/span><\/div><article class=\"article-icon-entry av-iconlist-empty\"  itemscope=\"itemscope\" itemtype=\"https:\/\/schema.org\/CreativeWork\" ><div class=\"iconlist_content_wrap\"><header class=\"entry-content-header\"><div class='av_iconlist_title iconlist_title_small  av_inherit_color'  itemprop=\"headline\" ><a href='http:\/\/zurique.itamaraty.gov.br\/pt-br\/' title='Consulado do Brazil em Zurique' target=\"_blank\" rel=\"noopener noreferrer\">Consulado do Brazil em Zurique<\/a><\/div><\/header><div class='iconlist_content '  itemprop=\"text\" ><\/div><\/div><footer class=\"entry-footer\"><\/footer><\/article><div class=\"iconlist-timeline\"><\/div><\/li>\n<li><div class='iconlist_icon av-av_iconlist_item-baeb91f060041ae28ed1ca69624d899e avia-font-entypo-fontello'><span class='iconlist-char' aria-hidden='true' data-av_icon='\ue881' data-av_iconfont='entypo-fontello'><\/span><\/div><article class=\"article-icon-entry av-iconlist-empty\"  itemscope=\"itemscope\" itemtype=\"https:\/\/schema.org\/CreativeWork\" ><div class=\"iconlist_content_wrap\"><header class=\"entry-content-header\"><div class='av_iconlist_title iconlist_title_small  av_inherit_color'  itemprop=\"headline\" ><a href='https:\/\/www.admin.ch\/gov\/en\/start.html' title='O portal do Governo Su\u00ed\u00e7o' target=\"_blank\" rel=\"noopener noreferrer\">O portal do Governo Su\u00ed\u00e7o<\/a><\/div><\/header><div class='iconlist_content '  itemprop=\"text\" ><\/div><\/div><footer class=\"entry-footer\"><\/footer><\/article><div class=\"iconlist-timeline\"><\/div><\/li>\n<li><div class='iconlist_icon av-av_iconlist_item-1bada7be3d655cb072f29e50f7f90a17 avia-font-entypo-fontello'><span class='iconlist-char' aria-hidden='true' data-av_icon='\ue881' data-av_iconfont='entypo-fontello'><\/span><\/div><article class=\"article-icon-entry av-iconlist-empty\"  itemscope=\"itemscope\" itemtype=\"https:\/\/schema.org\/CreativeWork\" ><div class=\"iconlist_content_wrap\"><header class=\"entry-content-header\"><div class='av_iconlist_title iconlist_title_small  av_inherit_color'  itemprop=\"headline\" ><a href='https:\/\/www.ch.ch\/en\/' title='Autoridades Su\u00ed\u00e7as online' target=\"_blank\" rel=\"noopener noreferrer\">Autoridades Su\u00ed\u00e7as online<\/a><\/div><\/header><div class='iconlist_content '  itemprop=\"text\" ><\/div><\/div><footer class=\"entry-footer\"><\/footer><\/article><div class=\"iconlist-timeline\"><\/div><\/li>\n<\/ul><\/div><\/p><\/div>\n<style type=\"text\/css\" data-created_by=\"avia_inline_auto\" id=\"style-css-av-109g8-ccce6b6eee575f25c791e56e681a8d84\">\n.flex_column.av-109g8-ccce6b6eee575f25c791e56e681a8d84{\nborder-radius:0px 0px 0px 0px;\npadding:0px 0px 0px 0px;\n}\n<\/style>\n<div  class='flex_column av-109g8-ccce6b6eee575f25c791e56e681a8d84 av_one_half  avia-builder-el-7  el_after_av_one_half  avia-builder-el-last  av-break-at-tablet flex_column_div av-hide-on-mobile av-zero-column-padding  '     ><p>\n<style type=\"text\/css\" data-created_by=\"avia_inline_auto\" id=\"style-css-av-av_heading-6034bbb0d763fc941b8db87674533f8c\">\n#top .av-special-heading.av-av_heading-6034bbb0d763fc941b8db87674533f8c{\npadding-bottom:10px;\ncolor:#2e2e2e;\nfont-size:28px;\n}\nbody .av-special-heading.av-av_heading-6034bbb0d763fc941b8db87674533f8c .av-special-heading-tag .heading-char{\nfont-size:25px;\n}\n#top #wrap_all .av-special-heading.av-av_heading-6034bbb0d763fc941b8db87674533f8c .av-special-heading-tag{\nfont-size:28px;\n}\n.av-special-heading.av-av_heading-6034bbb0d763fc941b8db87674533f8c .special-heading-inner-border{\nborder-color:#2e2e2e;\n}\n.av-special-heading.av-av_heading-6034bbb0d763fc941b8db87674533f8c .av-subheading{\nfont-size:15px;\n}\n\n@media only screen and (min-width: 480px) and (max-width: 767px){ \n#top #wrap_all .av-special-heading.av-av_heading-6034bbb0d763fc941b8db87674533f8c .av-special-heading-tag{\nfont-size:0.8em;\n}\n}\n\n@media only screen and (max-width: 479px){ \n#top #wrap_all .av-special-heading.av-av_heading-6034bbb0d763fc941b8db87674533f8c .av-special-heading-tag{\nfont-size:0.8em;\n}\n}\n<\/style>\n<div  class='av-special-heading av-av_heading-6034bbb0d763fc941b8db87674533f8c av-special-heading-h2 custom-color-heading blockquote modern-quote  avia-builder-el-8  el_before_av_iconlist  avia-builder-el-first  av-desktop-hide av-medium-hide av-small-hide av-mini-hide av-inherit-size'><h2 class='av-special-heading-tag'  itemprop=\"headline\"  >Links to stock exchanges:<\/h2><div class=\"special-heading-border\"><div class=\"special-heading-inner-border\"><\/div><\/div><\/div><br \/>\n\n<style type=\"text\/css\" data-created_by=\"avia_inline_auto\" id=\"style-css-av-jsy36beh-7c7957ab5b53e948525eb8f435163ec9\">\n#top .avia-icon-list-container.av-jsy36beh-7c7957ab5b53e948525eb8f435163ec9 .iconlist_icon{\ncolor:#174b87;\nfont-size:16px;\n}\n#top #wrap_all .avia-icon-list-container.av-jsy36beh-7c7957ab5b53e948525eb8f435163ec9 .av_iconlist_title{\nfont-size:16px;\ncolor:#174b87;\n}\n\n@media only screen and (max-width: 479px){ \n#top #wrap_all .avia-icon-list-container.av-jsy36beh-7c7957ab5b53e948525eb8f435163ec9 .av_iconlist_title{\nfont-size:14px;\n}\n}\n<\/style>\n<div  class='avia-icon-list-container av-jsy36beh-7c7957ab5b53e948525eb8f435163ec9  avia-builder-el-9  el_after_av_heading  avia-builder-el-last  links-icon av-desktop-hide av-medium-hide av-small-hide av-mini-hide'><ul class='avia-icon-list avia_animate_when_almost_visible avia-icon-list-left av-iconlist-small av-jsy36beh-7c7957ab5b53e948525eb8f435163ec9 avia-iconlist-animate'>\n<li><div class='iconlist_icon av-87am89-296195673b6f0d22c07b203d1764a5c7 avia-font-fontello'><span class='iconlist-char' aria-hidden='true' data-av_icon='\ue813' data-av_iconfont='fontello'><\/span><\/div><article class=\"article-icon-entry av-iconlist-empty\"  itemscope=\"itemscope\" itemtype=\"https:\/\/schema.org\/CreativeWork\" ><div class=\"iconlist_content_wrap\"><header class=\"entry-content-header\"><div class='av_iconlist_title iconlist_title_small  av_inherit_color'  itemprop=\"headline\" ><a href='www.six-swiss-exchange.com\/index.html' title='Bolsa de Zurich' target=\"_blank\" rel=\"noopener noreferrer\">Bolsa de Zurich<\/a><\/div><\/header><div class='iconlist_content '  itemprop=\"text\" ><\/div><\/div><footer class=\"entry-footer\"><\/footer><\/article><div class=\"iconlist-timeline\"><\/div><\/li>\n<li><div class='iconlist_icon av-5x4sqx-40d7f797f2c1d5fabc7cee7ea4e802d9 avia-font-fontello'><span class='iconlist-char' aria-hidden='true' data-av_icon='\ue813' data-av_iconfont='fontello'><\/span><\/div><article class=\"article-icon-entry av-iconlist-empty\"  itemscope=\"itemscope\" itemtype=\"https:\/\/schema.org\/CreativeWork\" ><div class=\"iconlist_content_wrap\"><header class=\"entry-content-header\"><div class='av_iconlist_title iconlist_title_small  av_inherit_color'  itemprop=\"headline\" ><a href='https:\/\/www.boerse-stuttgart.de' title='Bolsa de Stuttgart' target=\"_blank\" rel=\"noopener noreferrer\">Bolsa de Stuttgart<\/a><\/div><\/header><div class='iconlist_content '  itemprop=\"text\" ><\/div><\/div><footer class=\"entry-footer\"><\/footer><\/article><div class=\"iconlist-timeline\"><\/div><\/li>\n<li><div class='iconlist_icon av-4oti6x-c7e6d2c010f40ecca64b6ec9711f8804 avia-font-fontello'><span class='iconlist-char' aria-hidden='true' data-av_icon='\ue813' data-av_iconfont='fontello'><\/span><\/div><article class=\"article-icon-entry av-iconlist-empty\"  itemscope=\"itemscope\" itemtype=\"https:\/\/schema.org\/CreativeWork\" ><div class=\"iconlist_content_wrap\"><header class=\"entry-content-header\"><div class='av_iconlist_title iconlist_title_small  av_inherit_color'  itemprop=\"headline\" ><a href='https:\/\/www.londonstockexchange.com\/home\/homepage.htm' title='Bolsa de Londra' target=\"_blank\" rel=\"noopener noreferrer\">Bolsa de Londra<\/a><\/div><\/header><div class='iconlist_content '  itemprop=\"text\" ><\/div><\/div><footer class=\"entry-footer\"><\/footer><\/article><div class=\"iconlist-timeline\"><\/div><\/li>\n<li><div class='iconlist_icon av-2w26q1-123c5b46377061b06e3d4ff72c51d318 avia-font-fontello'><span class='iconlist-char' aria-hidden='true' data-av_icon='\ue813' data-av_iconfont='fontello'><\/span><\/div><article class=\"article-icon-entry av-iconlist-empty\"  itemscope=\"itemscope\" itemtype=\"https:\/\/schema.org\/CreativeWork\" ><div class=\"iconlist_content_wrap\"><header class=\"entry-content-header\"><div class='av_iconlist_title iconlist_title_small  av_inherit_color'  itemprop=\"headline\" ><a href='http:\/\/www.b3.com.br\/pt_br\/?idioma=pt-br' title='Bolsa S\u00e3o Paulo' target=\"_blank\" rel=\"noopener noreferrer\">Bolsa S\u00e3o Paulo<\/a><\/div><\/header><div class='iconlist_content '  itemprop=\"text\" ><\/div><\/div><footer class=\"entry-footer\"><\/footer><\/article><div class=\"iconlist-timeline\"><\/div><\/li>\n<\/ul><\/div><\/p><\/div>\n","protected":false},"excerpt":{"rendered":"","protected":false},"author":4,"featured_media":0,"parent":0,"menu_order":0,"comment_status":"closed","ping_status":"closed","template":"","meta":{"footnotes":""},"class_list":["post-1989","page","type-page","status-publish","hentry"],"yoast_head":"<!-- This site is optimized with the Yoast SEO plugin v19.8 - https:\/\/yoast.com\/wordpress\/plugins\/seo\/ -->\n<title>Peters Advogados Associados | Advogados para o Brasil e a Su\u00ed\u00e7a<\/title>\n<meta name=\"description\" content=\"Advogados internacionais em Zurique. Homologa\u00e7\u00e3o de julgamentos brasileiros e conselho fiscal na sa\u00edda definitiva do Brasil.\" \/>\n<meta name=\"robots\" content=\"index, follow, max-snippet:-1, max-image-preview:large, max-video-preview:-1\" \/>\n<link rel=\"canonical\" href=\"https:\/\/advpeters.com\/pt-br\/p-links\/\" \/>\n<meta property=\"og:locale\" content=\"pt_BR\" \/>\n<meta property=\"og:type\" content=\"article\" \/>\n<meta property=\"og:title\" content=\"Peters Advogados Associados | Advogados para o Brasil e a Su\u00ed\u00e7a\" \/>\n<meta property=\"og:description\" content=\"Advogados internacionais em Zurique. Homologa\u00e7\u00e3o de julgamentos brasileiros e conselho fiscal na sa\u00edda definitiva do Brasil.\" \/>\n<meta property=\"og:url\" content=\"https:\/\/advpeters.com\/pt-br\/p-links\/\" \/>\n<meta property=\"og:site_name\" content=\"ADV Peters\" \/>\n<meta property=\"article:modified_time\" content=\"2019-08-08T15:03:30+00:00\" \/>\n<meta name=\"twitter:card\" content=\"summary_large_image\" \/>\n<meta name=\"twitter:label1\" content=\"Est. tempo de leitura\" \/>\n\t<meta name=\"twitter:data1\" content=\"6 minutos\" \/>\n<script type=\"application\/ld+json\" class=\"yoast-schema-graph\">{\"@context\":\"https:\/\/schema.org\",\"@graph\":[{\"@type\":\"WebPage\",\"@id\":\"https:\/\/advpeters.com\/pt-br\/p-links\/\",\"url\":\"https:\/\/advpeters.com\/pt-br\/p-links\/\",\"name\":\"Peters Advogados Associados | Advogados para o Brasil e a Su\u00ed\u00e7a\",\"isPartOf\":{\"@id\":\"https:\/\/advpeters.com\/pt-br\/#website\"},\"datePublished\":\"2019-03-20T14:50:31+00:00\",\"dateModified\":\"2019-08-08T15:03:30+00:00\",\"description\":\"Advogados internacionais em Zurique. Homologa\u00e7\u00e3o de julgamentos brasileiros e conselho fiscal na sa\u00edda definitiva do Brasil.\",\"breadcrumb\":{\"@id\":\"https:\/\/advpeters.com\/pt-br\/p-links\/#breadcrumb\"},\"inLanguage\":\"pt-BR\",\"potentialAction\":[{\"@type\":\"ReadAction\",\"target\":[\"https:\/\/advpeters.com\/pt-br\/p-links\/\"]}]},{\"@type\":\"BreadcrumbList\",\"@id\":\"https:\/\/advpeters.com\/pt-br\/p-links\/#breadcrumb\",\"itemListElement\":[{\"@type\":\"ListItem\",\"position\":1,\"name\":\"Home\",\"item\":\"https:\/\/advpeters.com\/pt-br\/home\/\"},{\"@type\":\"ListItem\",\"position\":2,\"name\":\"P-LINKS\"}]},{\"@type\":\"WebSite\",\"@id\":\"https:\/\/advpeters.com\/pt-br\/#website\",\"url\":\"https:\/\/advpeters.com\/pt-br\/\",\"name\":\"ADV Peters\",\"description\":\"Anw\u00e4lte-Netzwerk\",\"potentialAction\":[{\"@type\":\"SearchAction\",\"target\":{\"@type\":\"EntryPoint\",\"urlTemplate\":\"https:\/\/advpeters.com\/pt-br\/?s={search_term_string}\"},\"query-input\":\"required name=search_term_string\"}],\"inLanguage\":\"pt-BR\"}]}<\/script>\n<!-- \/ Yoast SEO plugin. -->","yoast_head_json":{"title":"Peters Advogados Associados | Advogados para o Brasil e a Su\u00ed\u00e7a","description":"Advogados internacionais em Zurique. Homologa\u00e7\u00e3o de julgamentos brasileiros e conselho fiscal na sa\u00edda definitiva do Brasil.","robots":{"index":"index","follow":"follow","max-snippet":"max-snippet:-1","max-image-preview":"max-image-preview:large","max-video-preview":"max-video-preview:-1"},"canonical":"https:\/\/advpeters.com\/pt-br\/p-links\/","og_locale":"pt_BR","og_type":"article","og_title":"Peters Advogados Associados | Advogados para o Brasil e a Su\u00ed\u00e7a","og_description":"Advogados internacionais em Zurique. Homologa\u00e7\u00e3o de julgamentos brasileiros e conselho fiscal na sa\u00edda definitiva do Brasil.","og_url":"https:\/\/advpeters.com\/pt-br\/p-links\/","og_site_name":"ADV Peters","article_modified_time":"2019-08-08T15:03:30+00:00","twitter_card":"summary_large_image","twitter_misc":{"Est. tempo de leitura":"6 minutos"},"schema":{"@context":"https:\/\/schema.org","@graph":[{"@type":"WebPage","@id":"https:\/\/advpeters.com\/pt-br\/p-links\/","url":"https:\/\/advpeters.com\/pt-br\/p-links\/","name":"Peters Advogados Associados | Advogados para o Brasil e a Su\u00ed\u00e7a","isPartOf":{"@id":"https:\/\/advpeters.com\/pt-br\/#website"},"datePublished":"2019-03-20T14:50:31+00:00","dateModified":"2019-08-08T15:03:30+00:00","description":"Advogados internacionais em Zurique. Homologa\u00e7\u00e3o de julgamentos brasileiros e conselho fiscal na sa\u00edda definitiva do Brasil.","breadcrumb":{"@id":"https:\/\/advpeters.com\/pt-br\/p-links\/#breadcrumb"},"inLanguage":"pt-BR","potentialAction":[{"@type":"ReadAction","target":["https:\/\/advpeters.com\/pt-br\/p-links\/"]}]},{"@type":"BreadcrumbList","@id":"https:\/\/advpeters.com\/pt-br\/p-links\/#breadcrumb","itemListElement":[{"@type":"ListItem","position":1,"name":"Home","item":"https:\/\/advpeters.com\/pt-br\/home\/"},{"@type":"ListItem","position":2,"name":"P-LINKS"}]},{"@type":"WebSite","@id":"https:\/\/advpeters.com\/pt-br\/#website","url":"https:\/\/advpeters.com\/pt-br\/","name":"ADV Peters","description":"Anw\u00e4lte-Netzwerk","potentialAction":[{"@type":"SearchAction","target":{"@type":"EntryPoint","urlTemplate":"https:\/\/advpeters.com\/pt-br\/?s={search_term_string}"},"query-input":"required name=search_term_string"}],"inLanguage":"pt-BR"}]}},"_links":{"self":[{"href":"https:\/\/advpeters.com\/pt-br\/wp-json\/wp\/v2\/pages\/1989","targetHints":{"allow":["GET"]}}],"collection":[{"href":"https:\/\/advpeters.com\/pt-br\/wp-json\/wp\/v2\/pages"}],"about":[{"href":"https:\/\/advpeters.com\/pt-br\/wp-json\/wp\/v2\/types\/page"}],"author":[{"embeddable":true,"href":"https:\/\/advpeters.com\/pt-br\/wp-json\/wp\/v2\/users\/4"}],"replies":[{"embeddable":true,"href":"https:\/\/advpeters.com\/pt-br\/wp-json\/wp\/v2\/comments?post=1989"}],"version-history":[{"count":7,"href":"https:\/\/advpeters.com\/pt-br\/wp-json\/wp\/v2\/pages\/1989\/revisions"}],"predecessor-version":[{"id":3089,"href":"https:\/\/advpeters.com\/pt-br\/wp-json\/wp\/v2\/pages\/1989\/revisions\/3089"}],"wp:attachment":[{"href":"https:\/\/advpeters.com\/pt-br\/wp-json\/wp\/v2\/media?parent=1989"}],"curies":[{"name":"wp","href":"https:\/\/api.w.org\/{rel}","templated":true}]}}