{"id":2074,"date":"2019-03-21T01:56:41","date_gmt":"2019-03-21T00:56:41","guid":{"rendered":"https:\/\/advpeters.com\/?page_id=2074"},"modified":"2023-07-26T03:23:55","modified_gmt":"2023-07-26T01:23:55","slug":"impressum","status":"publish","type":"page","link":"https:\/\/advpeters.com\/pt-br\/impressum\/","title":{"rendered":"Impressionante"},"content":{"rendered":"<div id='verwendung'  class='avia-section av-jq5vt2ll-e4d03dbd446c3478ad03f63f6c7e2eb2 main_color avia-section-large avia-no-border-styling  avia-builder-el-0  el_before_av_section  avia-builder-el-first  av-desktop-hide av-medium-hide av-small-hide av-mini-hide avia-bg-style-scroll container_wrap fullsize'  ><div class='container av-section-cont-open' ><main  role=\"main\" itemprop=\"mainContentOfPage\"  class='template-page content  av-content-full alpha units'><div class='post-entry post-entry-type-page post-entry-2074'><div class='entry-content-wrapper clearfix'>\n\n<style type=\"text\/css\" data-created_by=\"avia_inline_auto\" id=\"style-css-av-olw8-2dfe25ee949e5091e811bece0c0b49c6\">\n.flex_column.av-olw8-2dfe25ee949e5091e811bece0c0b49c6{\nborder-radius:0px 0px 0px 0px;\npadding:0px 0px 0px 0px;\n}\n<\/style>\n<div  class='flex_column av-olw8-2dfe25ee949e5091e811bece0c0b49c6 av_one_full  avia-builder-el-1  avia-builder-el-no-sibling  first flex_column_div av-zero-column-padding  '     ><p>\n<style type=\"text\/css\" data-created_by=\"avia_inline_auto\" id=\"style-css-av-jq5vm948-1561d400e7e0ce7be5eb02c889461a35\">\n#top .av-special-heading.av-jq5vm948-1561d400e7e0ce7be5eb02c889461a35{\npadding-bottom:10px;\n}\nbody .av-special-heading.av-jq5vm948-1561d400e7e0ce7be5eb02c889461a35 .av-special-heading-tag .heading-char{\nfont-size:25px;\n}\n.av-special-heading.av-jq5vm948-1561d400e7e0ce7be5eb02c889461a35 .av-subheading{\nfont-size:15px;\n}\n<\/style>\n<div  class='av-special-heading av-jq5vm948-1561d400e7e0ce7be5eb02c889461a35 av-special-heading-h2  avia-builder-el-2  el_before_av_textblock  avia-builder-el-first '><h2 class='av-special-heading-tag'  itemprop=\"headline\"  >Verwendung von Cookies<\/h2><div class=\"special-heading-border\"><div class=\"special-heading-inner-border\"><\/div><\/div><\/div><br \/>\n<section  class='av_textblock_section av-jq5vsoyc-1126a49d36aabe96c151164ebac2b9c6 '   itemscope=\"itemscope\" itemtype=\"https:\/\/schema.org\/CreativeWork\" ><div class='avia_textblock'  itemprop=\"text\" ><p><span style=\"font-weight: 400;\">Diese Webseite verwendet Cookies. Cookies sind kleine Textdateien, die beim Besuch dieser Website in Ihrem Computer dauerhaft oder tempor\u00e4r gespeichert werden. Zweck der Cookies ist insbesondere die Analyse der Nutzung dieser Website zur statistischen Auswertung sowie f\u00fcr kontinuierliche Verbesserungen. In Ihrem Browser k\u00f6nnen Sie Cookies in den Einstellungen jederzeit ganz oder teilweise deaktivieren. Bei deaktivierten Cookies stehen Ihnen allenfalls nicht mehr alle Funktionen dieser Website zur Verf\u00fcgung.<\/span><\/p>\n<\/div><\/section><\/p><\/div>\n\n<\/div><\/div><\/main><!-- close content main element --><\/div><\/div>\n<style type=\"text\/css\" data-created_by=\"avia_inline_auto\" id=\"style-css-av-js5vgtuk-3e93221c2dff8fa328afbcd816ea16db\">\n.avia-section.av-js5vgtuk-3e93221c2dff8fa328afbcd816ea16db{\nbackground-repeat:no-repeat;\nbackground-image:url(https:\/\/advpeters.com\/wp-content\/uploads\/2019\/03\/banner-bg2.jpg);\nbackground-position:50% 0%;\nbackground-attachment:scroll;\n}\n.avia-section.av-js5vgtuk-3e93221c2dff8fa328afbcd816ea16db .av-section-color-overlay{\nopacity:0.3;\nbackground-color:#000000;\n}\n<\/style>\n<div id='inner-banner'  class='avia-section av-js5vgtuk-3e93221c2dff8fa328afbcd816ea16db main_color avia-section-huge avia-no-border-styling  avia-builder-el-4  el_after_av_section  el_before_av_section  avia-bg-style-scroll av-section-color-overlay-active container_wrap fullsize'  data-section-bg-repeat='no-repeat'><div class=\"av-section-color-overlay-wrap\"><div class=\"av-section-color-overlay\"><\/div><div class='container av-section-cont-open' ><div class='template-page content  av-content-full alpha units'><div class='post-entry post-entry-type-page post-entry-2074'><div class='entry-content-wrapper clearfix'>\n\n<style type=\"text\/css\" data-created_by=\"avia_inline_auto\" id=\"style-css-av-88clq-64e788f63c623e3973449fe29004c3d4\">\n#top .flex_column.av-88clq-64e788f63c623e3973449fe29004c3d4{\nmargin-top:50px;\nmargin-bottom:50px;\n}\n.flex_column.av-88clq-64e788f63c623e3973449fe29004c3d4{\nborder-radius:0px 0px 0px 0px;\npadding:0px 0px 0px 0px;\n}\n.responsive #top #wrap_all .flex_column.av-88clq-64e788f63c623e3973449fe29004c3d4{\nmargin-top:50px;\nmargin-bottom:50px;\n}\n<\/style>\n<div  class='flex_column av-88clq-64e788f63c623e3973449fe29004c3d4 av_one_full  avia-builder-el-5  avia-builder-el-no-sibling  first flex_column_div av-zero-column-padding  '     ><style type=\"text\/css\" data-created_by=\"avia_inline_auto\" id=\"style-css-av-jts7s58w-60ea59dccfcc2e1aae9b26316c833c07\">\n#top .av-special-heading.av-jts7s58w-60ea59dccfcc2e1aae9b26316c833c07{\npadding-bottom:0;\ncolor:#ffffff;\nfont-size:40px;\n}\nbody .av-special-heading.av-jts7s58w-60ea59dccfcc2e1aae9b26316c833c07 .av-special-heading-tag .heading-char{\nfont-size:25px;\n}\n#top #wrap_all .av-special-heading.av-jts7s58w-60ea59dccfcc2e1aae9b26316c833c07 .av-special-heading-tag{\nfont-size:40px;\n}\n.av-special-heading.av-jts7s58w-60ea59dccfcc2e1aae9b26316c833c07 .special-heading-inner-border{\nborder-color:#ffffff;\n}\n.av-special-heading.av-jts7s58w-60ea59dccfcc2e1aae9b26316c833c07 .av-subheading{\nfont-size:15px;\n}\n\n@media only screen and (min-width: 768px) and (max-width: 989px){ \n#top #wrap_all .av-special-heading.av-jts7s58w-60ea59dccfcc2e1aae9b26316c833c07 .av-special-heading-tag{\nfont-size:30px;\n}\n}\n\n@media only screen and (min-width: 480px) and (max-width: 767px){ \n#top #wrap_all .av-special-heading.av-jts7s58w-60ea59dccfcc2e1aae9b26316c833c07 .av-special-heading-tag{\nfont-size:25px;\n}\n}\n\n@media only screen and (max-width: 479px){ \n#top #wrap_all .av-special-heading.av-jts7s58w-60ea59dccfcc2e1aae9b26316c833c07 .av-special-heading-tag{\nfont-size:25px;\n}\n}\n<\/style>\n<div  class='av-special-heading av-jts7s58w-60ea59dccfcc2e1aae9b26316c833c07 av-special-heading-h2 custom-color-heading blockquote modern-quote modern-centered  avia-builder-el-6  avia-builder-el-no-sibling  av-inherit-size'><h2 class='av-special-heading-tag'  itemprop=\"headline\"  >Impressum<\/h2><div class=\"special-heading-border\"><div class=\"special-heading-inner-border\"><\/div><\/div><\/div><\/div>\n\n<\/div><\/div><\/div><!-- close content main div --><\/div><\/div><\/div><div id='impressum-sec1'  class='avia-section av-f9xs-cd9e243204cdb15b616644f789be241b main_color avia-section-large avia-no-border-styling  avia-builder-el-7  el_after_av_section  avia-builder-el-last  avia-bg-style-scroll container_wrap fullsize'  ><div class='container av-section-cont-open' ><div class='template-page content  av-content-full alpha units'><div class='post-entry post-entry-type-page post-entry-2074'><div class='entry-content-wrapper clearfix'>\n\n<style type=\"text\/css\" data-created_by=\"avia_inline_auto\" id=\"style-css-av-4209k-27e29d77ad50dc4c7912d848b0aa6baa\">\n.flex_column.av-4209k-27e29d77ad50dc4c7912d848b0aa6baa{\nborder-radius:0px 0px 0px 0px;\npadding:0px 0px 0px 0px;\n}\n<\/style>\n<div  class='flex_column av-4209k-27e29d77ad50dc4c7912d848b0aa6baa av_one_fourth  avia-builder-el-8  el_before_av_one_half  avia-builder-el-first  first av-break-at-tablet flex_column_div av-zero-column-padding  '     ><\/div>\n<style type=\"text\/css\" data-created_by=\"avia_inline_auto\" id=\"style-css-av-38tq4-bd06a7cb0d4f94c3cf9b94248a792fe3\">\n@keyframes av_boxShadowEffect_av-38tq4-bd06a7cb0d4f94c3cf9b94248a792fe3-column {\n0%   { box-shadow:  0 0 0 0 #999999; opacity: 1; }\n100% { box-shadow:  0 0 20px 0 #999999; opacity: 1; }\n}\n.flex_column.av-38tq4-bd06a7cb0d4f94c3cf9b94248a792fe3{\nbox-shadow: 0 0 20px 0 #999999;\nborder-radius:0px 0px 0px 0px;\npadding:70px 70px 70px 70px;\n}\n<\/style>\n<div  class='flex_column av-38tq4-bd06a7cb0d4f94c3cf9b94248a792fe3 av_one_half  avia-builder-el-9  el_after_av_one_fourth  el_before_av_one_fourth  av-break-at-tablet flex_column_div shadow-not-animated  '     ><p>\n<style type=\"text\/css\" data-created_by=\"avia_inline_auto\" id=\"style-css-av-jt5i8fed-dc3e6b706d9bd5cb7413737c7e44c7b9\">\n#top .av_textblock_section.av-jt5i8fed-dc3e6b706d9bd5cb7413737c7e44c7b9 .avia_textblock{\ncolor:#2e2e2e;\n}\n\n@media only screen and (max-width: 479px){ \n#top .av_textblock_section.av-jt5i8fed-dc3e6b706d9bd5cb7413737c7e44c7b9 .avia_textblock{\nfont-size:14px;\n}\n}\n<\/style>\n<section  class='av_textblock_section av-jt5i8fed-dc3e6b706d9bd5cb7413737c7e44c7b9 '   itemscope=\"itemscope\" itemtype=\"https:\/\/schema.org\/CreativeWork\" ><div class='avia_textblock av_inherit_color'  itemprop=\"text\" ><p><strong>Endere\u00e7o correspondente<\/strong><\/p>\n<\/div><\/section><br \/>\n\n<style type=\"text\/css\" data-created_by=\"avia_inline_auto\" id=\"style-css-av-jszhc67h-c0e5995b31f4c055a8a35c524b98cc8e\">\n#top .avia-icon-list-container.av-jszhc67h-c0e5995b31f4c055a8a35c524b98cc8e .iconlist_icon{\ncolor:#346498;\n}\n.avia-icon-list-container.av-jszhc67h-c0e5995b31f4c055a8a35c524b98cc8e .iconlist_content{\nfont-size:16px;\ncolor:#2e2e2e;\n}\n\n@media only screen and (max-width: 479px){ \n#top #wrap_all .avia-icon-list-container.av-jszhc67h-c0e5995b31f4c055a8a35c524b98cc8e .av_iconlist_title{\nfont-size:14px;\n}\n.avia-icon-list-container.av-jszhc67h-c0e5995b31f4c055a8a35c524b98cc8e .iconlist_content{\nfont-size:14px;\n}\n}\n<\/style>\n<div  class='avia-icon-list-container av-jszhc67h-c0e5995b31f4c055a8a35c524b98cc8e  avia-builder-el-11  el_after_av_textblock  avia-builder-el-last '><ul class='avia-icon-list avia_animate_when_almost_visible avia-icon-list-left av-iconlist-small av-jszhc67h-c0e5995b31f4c055a8a35c524b98cc8e avia-iconlist-animate'>\n<li><div class='iconlist_icon av-av_iconlist_item-0669646fe70d1a7c000fda833e1e851e avia-font-entypo-fontello'><span class='iconlist-char' aria-hidden='true' data-av_icon='\ue842' data-av_iconfont='entypo-fontello'><\/span><\/div><article class=\"article-icon-entry \"  itemscope=\"itemscope\" itemtype=\"https:\/\/schema.org\/CreativeWork\" ><div class=\"iconlist_content_wrap\"><header class=\"entry-content-header\"><\/header><div class='iconlist_content av_inherit_color'  itemprop=\"text\" ><div class=\"iconlist_content av_inherit_color \">\n<section class=\"av_textblock_section \">\n<div class=\"avia_textblock av_inherit_color \">\n<p><span class=\"span8 comment-body\">Peters Advogados Associados<\/span><\/p>\n<\/div>\n<\/section>\n<\/div>\n<\/div><\/div><footer class=\"entry-footer\"><\/footer><\/article><div class=\"iconlist-timeline\"><\/div><\/li>\n<li><div class='iconlist_icon av-268ok-a1748672f8d1972fe7d878c4cfbc1084 avia-font-entypo-fontello'><span class='iconlist-char' aria-hidden='true' data-av_icon='\ue805' data-av_iconfont='entypo-fontello'><\/span><\/div><article class=\"article-icon-entry \"  itemscope=\"itemscope\" itemtype=\"https:\/\/schema.org\/CreativeWork\" ><div class=\"iconlist_content_wrap\"><header class=\"entry-content-header\"><\/header><div class='iconlist_content av_inherit_color'  itemprop=\"text\" ><p><a style=\"text-decoration: none; margin: 0;\" href=\"mailto:contact@advpeters.com\">contact@advpeters.com<\/a><\/p>\n<\/div><\/div><footer class=\"entry-footer\"><\/footer><\/article><div class=\"iconlist-timeline\"><\/div><\/li>\n<li><div class='iconlist_icon av-31xb0q-f7a89a1f539029fb27645031174436ed avia-font-entypo-fontello'><span class='iconlist-char' aria-hidden='true' data-av_icon='\ue854' data-av_iconfont='entypo-fontello'><\/span><\/div><article class=\"article-icon-entry \"  itemscope=\"itemscope\" itemtype=\"https:\/\/schema.org\/CreativeWork\" ><div class=\"iconlist_content_wrap\"><header class=\"entry-content-header\"><\/header><div class='iconlist_content av_inherit_color'  itemprop=\"text\" ><p><a style=\"text-decoration: none; margin: 0;\" href=\"tel:+41794886699\">+41 79 488 6699<\/a><\/p>\n<\/div><\/div><footer class=\"entry-footer\"><\/footer><\/article><div class=\"iconlist-timeline\"><\/div><\/li>\n<\/ul><\/div><\/p><\/div>\n<style type=\"text\/css\" data-created_by=\"avia_inline_auto\" id=\"style-css-av-14zpk-83276adfe140b88cddc20a711fa13799\">\n.flex_column.av-14zpk-83276adfe140b88cddc20a711fa13799{\nborder-radius:0px 0px 0px 0px;\npadding:0px 0px 0px 0px;\n}\n<\/style>\n<div  class='flex_column av-14zpk-83276adfe140b88cddc20a711fa13799 av_one_fourth  avia-builder-el-12  el_after_av_one_half  avia-builder-el-last  av-break-at-tablet flex_column_div av-zero-column-padding  '     ><\/div>\n","protected":false},"excerpt":{"rendered":"","protected":false},"author":4,"featured_media":0,"parent":0,"menu_order":0,"comment_status":"closed","ping_status":"closed","template":"","meta":{"footnotes":""},"class_list":["post-2074","page","type-page","status-publish","hentry"],"yoast_head":"<!-- This site is optimized with the Yoast SEO plugin v19.8 - https:\/\/yoast.com\/wordpress\/plugins\/seo\/ -->\n<title>Peters Advogados Associados Zurique e Brasil | Impressum<\/title>\n<meta name=\"description\" content=\"Peters Advogados Associados com advogados e fiscalistas competentes na Su\u00ed\u00e7a e no Brasil para conselhos jur\u00eddicas e fiscais.\" \/>\n<meta name=\"robots\" content=\"index, follow, max-snippet:-1, max-image-preview:large, max-video-preview:-1\" \/>\n<link rel=\"canonical\" href=\"https:\/\/advpeters.com\/pt-br\/impressum\/\" \/>\n<meta property=\"og:locale\" content=\"pt_BR\" \/>\n<meta property=\"og:type\" content=\"article\" \/>\n<meta property=\"og:title\" content=\"Peters Advogados Associados Zurique e Brasil | Impressum\" \/>\n<meta property=\"og:description\" content=\"Peters Advogados Associados com advogados e fiscalistas competentes na Su\u00ed\u00e7a e no Brasil para conselhos jur\u00eddicas e fiscais.\" \/>\n<meta property=\"og:url\" content=\"https:\/\/advpeters.com\/pt-br\/impressum\/\" \/>\n<meta property=\"og:site_name\" content=\"ADV Peters\" \/>\n<meta property=\"article:modified_time\" content=\"2023-07-26T01:23:55+00:00\" \/>\n<meta name=\"twitter:card\" content=\"summary_large_image\" \/>\n<meta name=\"twitter:label1\" content=\"Est. tempo de leitura\" \/>\n\t<meta name=\"twitter:data1\" content=\"7 minutos\" \/>\n<script type=\"application\/ld+json\" class=\"yoast-schema-graph\">{\"@context\":\"https:\/\/schema.org\",\"@graph\":[{\"@type\":\"WebPage\",\"@id\":\"https:\/\/advpeters.com\/pt-br\/impressum\/\",\"url\":\"https:\/\/advpeters.com\/pt-br\/impressum\/\",\"name\":\"Peters Advogados Associados Zurique e Brasil | Impressum\",\"isPartOf\":{\"@id\":\"https:\/\/advpeters.com\/pt-br\/#website\"},\"datePublished\":\"2019-03-21T00:56:41+00:00\",\"dateModified\":\"2023-07-26T01:23:55+00:00\",\"description\":\"Peters Advogados Associados com advogados e fiscalistas competentes na Su\u00ed\u00e7a e no Brasil para conselhos jur\u00eddicas e fiscais.\",\"breadcrumb\":{\"@id\":\"https:\/\/advpeters.com\/pt-br\/impressum\/#breadcrumb\"},\"inLanguage\":\"pt-BR\",\"potentialAction\":[{\"@type\":\"ReadAction\",\"target\":[\"https:\/\/advpeters.com\/pt-br\/impressum\/\"]}]},{\"@type\":\"BreadcrumbList\",\"@id\":\"https:\/\/advpeters.com\/pt-br\/impressum\/#breadcrumb\",\"itemListElement\":[{\"@type\":\"ListItem\",\"position\":1,\"name\":\"Home\",\"item\":\"https:\/\/advpeters.com\/pt-br\/home\/\"},{\"@type\":\"ListItem\",\"position\":2,\"name\":\"Impressionante\"}]},{\"@type\":\"WebSite\",\"@id\":\"https:\/\/advpeters.com\/pt-br\/#website\",\"url\":\"https:\/\/advpeters.com\/pt-br\/\",\"name\":\"ADV Peters\",\"description\":\"Anw\u00e4lte-Netzwerk\",\"potentialAction\":[{\"@type\":\"SearchAction\",\"target\":{\"@type\":\"EntryPoint\",\"urlTemplate\":\"https:\/\/advpeters.com\/pt-br\/?s={search_term_string}\"},\"query-input\":\"required name=search_term_string\"}],\"inLanguage\":\"pt-BR\"}]}<\/script>\n<!-- \/ Yoast SEO plugin. -->","yoast_head_json":{"title":"Peters Advogados Associados Zurique e Brasil | Impressum","description":"Peters Advogados Associados com advogados e fiscalistas competentes na Su\u00ed\u00e7a e no Brasil para conselhos jur\u00eddicas e fiscais.","robots":{"index":"index","follow":"follow","max-snippet":"max-snippet:-1","max-image-preview":"max-image-preview:large","max-video-preview":"max-video-preview:-1"},"canonical":"https:\/\/advpeters.com\/pt-br\/impressum\/","og_locale":"pt_BR","og_type":"article","og_title":"Peters Advogados Associados Zurique e Brasil | Impressum","og_description":"Peters Advogados Associados com advogados e fiscalistas competentes na Su\u00ed\u00e7a e no Brasil para conselhos jur\u00eddicas e fiscais.","og_url":"https:\/\/advpeters.com\/pt-br\/impressum\/","og_site_name":"ADV Peters","article_modified_time":"2023-07-26T01:23:55+00:00","twitter_card":"summary_large_image","twitter_misc":{"Est. tempo de leitura":"7 minutos"},"schema":{"@context":"https:\/\/schema.org","@graph":[{"@type":"WebPage","@id":"https:\/\/advpeters.com\/pt-br\/impressum\/","url":"https:\/\/advpeters.com\/pt-br\/impressum\/","name":"Peters Advogados Associados Zurique e Brasil | Impressum","isPartOf":{"@id":"https:\/\/advpeters.com\/pt-br\/#website"},"datePublished":"2019-03-21T00:56:41+00:00","dateModified":"2023-07-26T01:23:55+00:00","description":"Peters Advogados Associados com advogados e fiscalistas competentes na Su\u00ed\u00e7a e no Brasil para conselhos jur\u00eddicas e fiscais.","breadcrumb":{"@id":"https:\/\/advpeters.com\/pt-br\/impressum\/#breadcrumb"},"inLanguage":"pt-BR","potentialAction":[{"@type":"ReadAction","target":["https:\/\/advpeters.com\/pt-br\/impressum\/"]}]},{"@type":"BreadcrumbList","@id":"https:\/\/advpeters.com\/pt-br\/impressum\/#breadcrumb","itemListElement":[{"@type":"ListItem","position":1,"name":"Home","item":"https:\/\/advpeters.com\/pt-br\/home\/"},{"@type":"ListItem","position":2,"name":"Impressionante"}]},{"@type":"WebSite","@id":"https:\/\/advpeters.com\/pt-br\/#website","url":"https:\/\/advpeters.com\/pt-br\/","name":"ADV Peters","description":"Anw\u00e4lte-Netzwerk","potentialAction":[{"@type":"SearchAction","target":{"@type":"EntryPoint","urlTemplate":"https:\/\/advpeters.com\/pt-br\/?s={search_term_string}"},"query-input":"required name=search_term_string"}],"inLanguage":"pt-BR"}]}},"_links":{"self":[{"href":"https:\/\/advpeters.com\/pt-br\/wp-json\/wp\/v2\/pages\/2074","targetHints":{"allow":["GET"]}}],"collection":[{"href":"https:\/\/advpeters.com\/pt-br\/wp-json\/wp\/v2\/pages"}],"about":[{"href":"https:\/\/advpeters.com\/pt-br\/wp-json\/wp\/v2\/types\/page"}],"author":[{"embeddable":true,"href":"https:\/\/advpeters.com\/pt-br\/wp-json\/wp\/v2\/users\/4"}],"replies":[{"embeddable":true,"href":"https:\/\/advpeters.com\/pt-br\/wp-json\/wp\/v2\/comments?post=2074"}],"version-history":[{"count":9,"href":"https:\/\/advpeters.com\/pt-br\/wp-json\/wp\/v2\/pages\/2074\/revisions"}],"predecessor-version":[{"id":3401,"href":"https:\/\/advpeters.com\/pt-br\/wp-json\/wp\/v2\/pages\/2074\/revisions\/3401"}],"wp:attachment":[{"href":"https:\/\/advpeters.com\/pt-br\/wp-json\/wp\/v2\/media?parent=2074"}],"curies":[{"name":"wp","href":"https:\/\/api.w.org\/{rel}","templated":true}]}}