{"id":2080,"date":"2019-03-21T01:57:19","date_gmt":"2019-03-21T00:57:19","guid":{"rendered":"https:\/\/advpeters.com\/?page_id=2080"},"modified":"2019-09-15T11:53:47","modified_gmt":"2019-09-15T09:53:47","slug":"noticia","status":"publish","type":"page","link":"https:\/\/advpeters.com\/pt-br\/noticia\/","title":{"rendered":"Not\u00edcias"},"content":{"rendered":"\n<style type=\"text\/css\" data-created_by=\"avia_inline_auto\" id=\"style-css-av-js5vgtuk-f784a0c8a3b072dba4d69d2004a039fa\">\n.avia-section.av-js5vgtuk-f784a0c8a3b072dba4d69d2004a039fa{\nbackground-repeat:no-repeat;\nbackground-image:url(https:\/\/advpeters.com\/wp-content\/uploads\/2019\/03\/banner-bg2.jpg);\nbackground-position:50% 0%;\nbackground-attachment:scroll;\n}\n.avia-section.av-js5vgtuk-f784a0c8a3b072dba4d69d2004a039fa .av-section-color-overlay{\nopacity:0.3;\nbackground-color:#000000;\n}\n<\/style>\n<div id='dienstleistungen-inner-banner'  class='avia-section av-js5vgtuk-f784a0c8a3b072dba4d69d2004a039fa main_color avia-section-huge avia-no-border-styling  avia-builder-el-0  el_before_av_section  avia-builder-el-first  avia-bg-style-scroll av-section-color-overlay-active container_wrap fullsize'  data-section-bg-repeat='no-repeat'><div class=\"av-section-color-overlay-wrap\"><div class=\"av-section-color-overlay\"><\/div><div class='container av-section-cont-open' ><main  role=\"main\" itemprop=\"mainContentOfPage\"  class='template-page content  av-content-full alpha units'><div class='post-entry post-entry-type-page post-entry-2080'><div class='entry-content-wrapper clearfix'>\n\n<style type=\"text\/css\" data-created_by=\"avia_inline_auto\" id=\"style-css-av-88clq-64e788f63c623e3973449fe29004c3d4\">\n#top .flex_column.av-88clq-64e788f63c623e3973449fe29004c3d4{\nmargin-top:50px;\nmargin-bottom:50px;\n}\n.flex_column.av-88clq-64e788f63c623e3973449fe29004c3d4{\nborder-radius:0px 0px 0px 0px;\npadding:0px 0px 0px 0px;\n}\n.responsive #top #wrap_all .flex_column.av-88clq-64e788f63c623e3973449fe29004c3d4{\nmargin-top:50px;\nmargin-bottom:50px;\n}\n<\/style>\n<div  class='flex_column av-88clq-64e788f63c623e3973449fe29004c3d4 av_one_full  avia-builder-el-1  avia-builder-el-no-sibling  first flex_column_div av-zero-column-padding  '     ><style type=\"text\/css\" data-created_by=\"avia_inline_auto\" id=\"style-css-av-jvgi2krc-9144bfe91c6c0e111be2788c3f21675a\">\n#top .av-special-heading.av-jvgi2krc-9144bfe91c6c0e111be2788c3f21675a{\npadding-bottom:0;\ncolor:#ffffff;\nfont-size:40px;\n}\nbody .av-special-heading.av-jvgi2krc-9144bfe91c6c0e111be2788c3f21675a .av-special-heading-tag .heading-char{\nfont-size:25px;\n}\n#top #wrap_all .av-special-heading.av-jvgi2krc-9144bfe91c6c0e111be2788c3f21675a .av-special-heading-tag{\nfont-size:40px;\n}\n.av-special-heading.av-jvgi2krc-9144bfe91c6c0e111be2788c3f21675a .special-heading-inner-border{\nborder-color:#ffffff;\n}\n.av-special-heading.av-jvgi2krc-9144bfe91c6c0e111be2788c3f21675a .av-subheading{\nfont-size:15px;\n}\n\n@media only screen and (min-width: 768px) and (max-width: 989px){ \n#top #wrap_all .av-special-heading.av-jvgi2krc-9144bfe91c6c0e111be2788c3f21675a .av-special-heading-tag{\nfont-size:30px;\n}\n}\n\n@media only screen and (min-width: 480px) and (max-width: 767px){ \n#top #wrap_all .av-special-heading.av-jvgi2krc-9144bfe91c6c0e111be2788c3f21675a .av-special-heading-tag{\nfont-size:25px;\n}\n}\n\n@media only screen and (max-width: 479px){ \n#top #wrap_all .av-special-heading.av-jvgi2krc-9144bfe91c6c0e111be2788c3f21675a .av-special-heading-tag{\nfont-size:22px;\n}\n}\n<\/style>\n<div  class='av-special-heading av-jvgi2krc-9144bfe91c6c0e111be2788c3f21675a av-special-heading-h2 custom-color-heading blockquote modern-quote modern-centered  avia-builder-el-2  avia-builder-el-no-sibling  av-inherit-size'><h2 class='av-special-heading-tag'  itemprop=\"headline\"  >Not\u00edcias<\/h2><div class=\"special-heading-border\"><div class=\"special-heading-inner-border\"><\/div><\/div><\/div><\/div>\n\n<\/div><\/div><\/main><!-- close content main element --><\/div><\/div><\/div>\n<style type=\"text\/css\" data-created_by=\"avia_inline_auto\" id=\"style-css-av-jrzzuyzl-cf3a659e8e061bc1e74532ddd4e06ade\">\n.avia-section.av-jrzzuyzl-cf3a659e8e061bc1e74532ddd4e06ade{\nbackground-color:#ffffff;\nbackground-image:unset;\n}\n<\/style>\n<div id='latest-news'  class='avia-section av-jrzzuyzl-cf3a659e8e061bc1e74532ddd4e06ade main_color avia-section-large avia-no-border-styling  avia-builder-el-3  el_after_av_section  avia-builder-el-last  avia-bg-style-scroll container_wrap fullsize'  ><div class='container av-section-cont-open' ><div class='template-page content  av-content-full alpha units'><div class='post-entry post-entry-type-page post-entry-2080'><div class='entry-content-wrapper clearfix'>\n\n<style type=\"text\/css\" data-created_by=\"avia_inline_auto\" id=\"style-css-av-yeim-41db2ccec2d8f33b99333f30e05b7dc0\">\n.flex_column.av-yeim-41db2ccec2d8f33b99333f30e05b7dc0{\nborder-radius:0px 0px 0px 0px;\npadding:0px 0px 0px 0px;\n}\n<\/style>\n<div  class='flex_column av-yeim-41db2ccec2d8f33b99333f30e05b7dc0 av_one_full  avia-builder-el-4  el_before_av_hr  avia-builder-el-first  first flex_column_div av-zero-column-padding  '     ><p>\n<style type=\"text\/css\" data-created_by=\"avia_inline_auto\" id=\"style-css-av-av_heading-724dbf28c980a29116afb368139e4813\">\n#top .av-special-heading.av-av_heading-724dbf28c980a29116afb368139e4813{\npadding-bottom:10px;\ncolor:#c00000;\nfont-size:28px;\n}\nbody .av-special-heading.av-av_heading-724dbf28c980a29116afb368139e4813 .av-special-heading-tag .heading-char{\nfont-size:25px;\n}\n#top #wrap_all .av-special-heading.av-av_heading-724dbf28c980a29116afb368139e4813 .av-special-heading-tag{\nfont-size:28px;\n}\n.av-special-heading.av-av_heading-724dbf28c980a29116afb368139e4813 .special-heading-inner-border{\nborder-color:#c00000;\n}\n.av-special-heading.av-av_heading-724dbf28c980a29116afb368139e4813 .av-subheading{\nfont-size:26px;\n}\n\n@media only screen and (min-width: 480px) and (max-width: 767px){ \n#top #wrap_all .av-special-heading.av-av_heading-724dbf28c980a29116afb368139e4813 .av-special-heading-tag{\nfont-size:0.8em;\n}\n}\n\n@media only screen and (max-width: 479px){ \n#top #wrap_all .av-special-heading.av-av_heading-724dbf28c980a29116afb368139e4813 .av-special-heading-tag{\nfont-size:0.8em;\n}\n}\n<\/style>\n<div  class='av-special-heading av-av_heading-724dbf28c980a29116afb368139e4813 av-special-heading-h2 custom-color-heading blockquote modern-quote  avia-builder-el-5  el_before_av_hr  avia-builder-el-first  av-inherit-size'><h2 class='av-special-heading-tag'  itemprop=\"headline\"  >\u00daltimas not\u00edcias<\/h2><div class=\"special-heading-border\"><div class=\"special-heading-inner-border\"><\/div><\/div><\/div><br \/>\n\n<style type=\"text\/css\" data-created_by=\"avia_inline_auto\" id=\"style-css-av-jrzwrd2d-9adff5b8086fcb793302cbc42b12d3ab\">\n#top .hr.av-jrzwrd2d-9adff5b8086fcb793302cbc42b12d3ab{\nmargin-top:0;\nmargin-bottom:10px;\n}\n.hr.av-jrzwrd2d-9adff5b8086fcb793302cbc42b12d3ab .hr-inner{\nwidth:50px;\nborder-color:#174c87;\n}\n<\/style>\n<div  class='hr av-jrzwrd2d-9adff5b8086fcb793302cbc42b12d3ab hr-custom  avia-builder-el-6  el_after_av_heading  el_before_av_hr  hr-left hr-icon-no'><span class='hr-inner inner-border-av-border-fat'><span class=\"hr-inner-style\"><\/span><\/span><\/div><br \/>\n\n<style type=\"text\/css\" data-created_by=\"avia_inline_auto\" id=\"style-css-av-jrzwrd2d-773bf6a1b4896ca792f05cd7404e7d54\">\n#top .hr.hr-invisible.av-jrzwrd2d-773bf6a1b4896ca792f05cd7404e7d54{\nmargin-top:0px;\nheight:1px;\n}\n<\/style>\n<div  class='hr av-jrzwrd2d-773bf6a1b4896ca792f05cd7404e7d54 hr-invisible  avia-builder-el-7  el_after_av_hr  el_before_av_blog '><span class='hr-inner '><span class=\"hr-inner-style\"><\/span><\/span><\/div><br \/>\n<div  data-slideshow-options=\"{&quot;animation&quot;:&quot;fade&quot;,&quot;autoplay&quot;:false,&quot;loop_autoplay&quot;:&quot;once&quot;,&quot;interval&quot;:5,&quot;loop_manual&quot;:&quot;manual-endless&quot;,&quot;autoplay_stopper&quot;:false,&quot;noNavigation&quot;:false,&quot;show_slide_delay&quot;:90}\" class='avia-content-slider avia-content-grid-active avia-content-slider1 avia-content-slider-odd  avia-builder-el-8  el_after_av_hr  avia-builder-el-last  av-slideshow-ui av-control-default   av-no-slider-navigation av-slideshow-manual av-loop-once av-loop-manual-endless '  itemscope=\"itemscope\" itemtype=\"https:\/\/schema.org\/Blog\" ><div class=\"avia-content-slider-inner\"><div class=\"slide-entry-wrap\"><article class='slide-entry flex_column  post-entry post-entry-3213 slide-entry-overview slide-loop-1 slide-parity-odd  av_one_third first real-thumbnail posttype-post post-format-standard'  itemscope=\"itemscope\" itemtype=\"https:\/\/schema.org\/CreativeWork\" ><a href='https:\/\/advpeters.com\/pt-br\/2019\/07\/14\/a-palavra-do-musico-streaming-e-a-decisao-do-stj-sobre-direitos-autorais\/' data-rel='slide-1' class='slide-image' title='A palavra do m\u00fasico: streaming e a decis\u00e3o do STJ sobre direitos autorais'><img decoding=\"async\" fetchpriority=\"high\" width=\"530\" height=\"321\" src=\"https:\/\/advpeters.com\/wp-content\/uploads\/2019\/02\/ln-img2-530x321.jpg\" class=\"wp-image-2147 avia-img-lazy-loading-not-2147 attachment-entry_with_sidebar size-entry_with_sidebar wp-post-image\" alt=\"Anw\u00e4lte f\u00fcr Homologation in Z\u00fcrich | Peters Vereinigte Anw\u00e4lte\" \/><\/a><div class=\"slide-content\"><header class=\"entry-content-header\"><h3 class='slide-entry-title entry-title '  itemprop=\"headline\" ><a href='https:\/\/advpeters.com\/pt-br\/2019\/07\/14\/a-palavra-do-musico-streaming-e-a-decisao-do-stj-sobre-direitos-autorais\/' title='A palavra do m\u00fasico: streaming e a decis\u00e3o do STJ sobre direitos autorais'>A palavra do m\u00fasico: streaming e a decis\u00e3o do STJ sobre direitos autorais<\/a><\/h3><span class=\"av-vertical-delimiter\"><\/span><\/header><div class=\"slide-meta\"><time class='slide-meta-time updated'  itemprop=\"datePublished\" datetime=\"2019-07-14T13:02:19+02:00\" >julho 14, 2019<\/time><div class=\"slide-meta-del\">\/<\/div><div class=\"slide-meta-comments\"><a href='https:\/\/advpeters.com\/pt-br\/2019\/07\/14\/a-palavra-do-musico-streaming-e-a-decisao-do-stj-sobre-direitos-autorais\/#respond'>0 Coment\u00e1rios<\/a><\/div><\/div><div class='slide-entry-excerpt entry-content'  itemprop=\"text\" >A palavra do m\u00fasico: streaming e a decis\u00e3o do STJ sobre direitos autorais<\/div><\/div><footer class=\"entry-footer\"><\/footer><span class='hidden'>\n\t\t\t\t<span class='av-structured-data'  itemprop=\"image\" itemscope=\"itemscope\" itemtype=\"https:\/\/schema.org\/ImageObject\" >\n\t\t\t\t\t\t<span itemprop='url'>https:\/\/advpeters.com\/wp-content\/uploads\/2019\/02\/ln-img2.jpg<\/span>\n\t\t\t\t\t\t<span itemprop='height'>471<\/span>\n\t\t\t\t\t\t<span itemprop='width'>530<\/span>\n\t\t\t\t<\/span>\n\t\t\t\t<span class='av-structured-data'  itemprop=\"publisher\" itemtype=\"https:\/\/schema.org\/Organization\" itemscope=\"itemscope\" >\n\t\t\t\t\t\t<span itemprop='name'>advpeters_admin<\/span>\n\t\t\t\t\t\t<span itemprop='logo' itemscope itemtype='https:\/\/schema.org\/ImageObject'>\n\t\t\t\t\t\t\t<span itemprop='url'><\/span>\n\t\t\t\t\t\t<\/span>\n\t\t\t\t<\/span><span class='av-structured-data'  itemprop=\"author\" itemscope=\"itemscope\" itemtype=\"https:\/\/schema.org\/Person\" ><span itemprop='name'>advpeters_admin<\/span><\/span><span class='av-structured-data'  itemprop=\"datePublished\" datetime=\"2019-03-21T01:57:19+01:00\" >2019-07-14 13:02:19<\/span><span class='av-structured-data'  itemprop=\"dateModified\" itemtype=\"https:\/\/schema.org\/dateModified\" >2019-07-18 11:35:14<\/span><span class='av-structured-data'  itemprop=\"mainEntityOfPage\" itemtype=\"https:\/\/schema.org\/mainEntityOfPage\" ><span itemprop='name'>A palavra do m\u00fasico: streaming e a decis\u00e3o do STJ sobre direitos autorais<\/span><\/span><\/span><\/article><article class='slide-entry flex_column  post-entry post-entry-2296 slide-entry-overview slide-loop-2 slide-parity-even  post-entry-last  av_one_third  real-thumbnail posttype-post post-format-standard'  itemscope=\"itemscope\" itemtype=\"https:\/\/schema.org\/CreativeWork\" ><a href='https:\/\/advpeters.com\/pt-br\/2019\/07\/14\/fique-com-os-fracos\/' data-rel='slide-1' class='slide-image' title='Terceira Se\u00e7\u00e3o aprova s\u00famula sobre registro de antecedentes criminais'><img decoding=\"async\" fetchpriority=\"high\" width=\"530\" height=\"321\" src=\"https:\/\/advpeters.com\/wp-content\/uploads\/2019\/02\/ln-img1-530x321.jpg\" class=\"wp-image-2146 avia-img-lazy-loading-not-2146 attachment-entry_with_sidebar size-entry_with_sidebar wp-post-image\" alt=\"Anw\u00e4lte f\u00fcr internationale Urteile aus Brasilien &amp; Schweiz | Peters Vereinigte Anw\u00e4lte\" \/><\/a><div class=\"slide-content\"><header class=\"entry-content-header\"><h3 class='slide-entry-title entry-title '  itemprop=\"headline\" ><a href='https:\/\/advpeters.com\/pt-br\/2019\/07\/14\/fique-com-os-fracos\/' title='Terceira Se\u00e7\u00e3o aprova s\u00famula sobre registro de antecedentes criminais'>Terceira Se\u00e7\u00e3o aprova s\u00famula sobre registro de antecedentes criminais<\/a><\/h3><span class=\"av-vertical-delimiter\"><\/span><\/header><div class=\"slide-meta\"><time class='slide-meta-time updated'  itemprop=\"datePublished\" datetime=\"2019-07-14T12:00:08+02:00\" >julho 14, 2019<\/time><div class=\"slide-meta-del\">\/<\/div><div class=\"slide-meta-comments\"><a href='https:\/\/advpeters.com\/pt-br\/2019\/07\/14\/fique-com-os-fracos\/#respond'>0 Coment\u00e1rios<\/a><\/div><\/div><div class='slide-entry-excerpt entry-content'  itemprop=\"text\" >Terceira Se\u00e7\u00e3o aprova s\u00famula sobre registro de antecedentes criminais<\/div><\/div><footer class=\"entry-footer\"><\/footer><span class='hidden'>\n\t\t\t\t<span class='av-structured-data'  itemprop=\"image\" itemscope=\"itemscope\" itemtype=\"https:\/\/schema.org\/ImageObject\" >\n\t\t\t\t\t\t<span itemprop='url'>https:\/\/advpeters.com\/wp-content\/uploads\/2019\/02\/ln-img1.jpg<\/span>\n\t\t\t\t\t\t<span itemprop='height'>471<\/span>\n\t\t\t\t\t\t<span itemprop='width'>530<\/span>\n\t\t\t\t<\/span>\n\t\t\t\t<span class='av-structured-data'  itemprop=\"publisher\" itemtype=\"https:\/\/schema.org\/Organization\" itemscope=\"itemscope\" >\n\t\t\t\t\t\t<span itemprop='name'>advpeters_admin<\/span>\n\t\t\t\t\t\t<span itemprop='logo' itemscope itemtype='https:\/\/schema.org\/ImageObject'>\n\t\t\t\t\t\t\t<span itemprop='url'><\/span>\n\t\t\t\t\t\t<\/span>\n\t\t\t\t<\/span><span class='av-structured-data'  itemprop=\"author\" itemscope=\"itemscope\" itemtype=\"https:\/\/schema.org\/Person\" ><span itemprop='name'>advpeters_admin<\/span><\/span><span class='av-structured-data'  itemprop=\"datePublished\" datetime=\"2019-03-21T01:57:19+01:00\" >2019-07-14 12:00:08<\/span><span class='av-structured-data'  itemprop=\"dateModified\" itemtype=\"https:\/\/schema.org\/dateModified\" >2019-09-15 11:01:11<\/span><span class='av-structured-data'  itemprop=\"mainEntityOfPage\" itemtype=\"https:\/\/schema.org\/mainEntityOfPage\" ><span itemprop='name'>Terceira Se\u00e7\u00e3o aprova s\u00famula sobre registro de antecedentes criminais<\/span><\/span><\/span><\/article><\/div><\/div><\/div><\/p><\/div>\n<style type=\"text\/css\" data-created_by=\"avia_inline_auto\" id=\"style-css-av-jrzwrd2d-6b102ba0d78ed820d5769d231451adaa\">\n#top .hr.av-jrzwrd2d-6b102ba0d78ed820d5769d231451adaa{\nmargin-top:0;\nmargin-bottom:10px;\n}\n.hr.av-jrzwrd2d-6b102ba0d78ed820d5769d231451adaa .hr-inner{\nwidth:50px;\nborder-color:rgba(0,0,0,0.01);\n}\n<\/style>\n<div  class='hr av-jrzwrd2d-6b102ba0d78ed820d5769d231451adaa hr-custom  avia-builder-el-9  el_after_av_one_full  avia-builder-el-last  hr-left hr-icon-no'><span class='hr-inner inner-border-av-border-fat'><span class=\"hr-inner-style\"><\/span><\/span><\/div>\n\n","protected":false},"excerpt":{"rendered":"","protected":false},"author":4,"featured_media":0,"parent":0,"menu_order":0,"comment_status":"closed","ping_status":"closed","template":"","meta":{"footnotes":""},"class_list":["post-2080","page","type-page","status-publish","hentry"],"yoast_head":"<!-- This site is optimized with the Yoast SEO plugin v19.8 - https:\/\/yoast.com\/wordpress\/plugins\/seo\/ -->\n<title>Peters Advogados Associados | Direito de fam\u00edlia na Su\u00ed\u00e7a e no Brasil<\/title>\n<meta name=\"description\" content=\"Peters Advogados Associados - Os seus advogados representam voc\u00ea perante um tribunal em caso de divorcios, manuten\u00e7\u00e3o e sucess\u00e3o\" \/>\n<meta name=\"robots\" content=\"index, follow, max-snippet:-1, max-image-preview:large, max-video-preview:-1\" \/>\n<link rel=\"canonical\" href=\"https:\/\/advpeters.com\/pt-br\/noticia\/\" \/>\n<meta property=\"og:locale\" content=\"pt_BR\" \/>\n<meta property=\"og:type\" content=\"article\" \/>\n<meta property=\"og:title\" content=\"Peters Advogados Associados | Direito de fam\u00edlia na Su\u00ed\u00e7a e no Brasil\" \/>\n<meta property=\"og:description\" content=\"Peters Advogados Associados - Os seus advogados representam voc\u00ea perante um tribunal em caso de divorcios, manuten\u00e7\u00e3o e sucess\u00e3o\" \/>\n<meta property=\"og:url\" content=\"https:\/\/advpeters.com\/pt-br\/noticia\/\" \/>\n<meta property=\"og:site_name\" content=\"ADV Peters\" \/>\n<meta property=\"article:modified_time\" content=\"2019-09-15T09:53:47+00:00\" \/>\n<meta name=\"twitter:card\" content=\"summary_large_image\" \/>\n<meta name=\"twitter:label1\" content=\"Est. tempo de leitura\" \/>\n\t<meta name=\"twitter:data1\" content=\"4 minutos\" \/>\n<script type=\"application\/ld+json\" class=\"yoast-schema-graph\">{\"@context\":\"https:\/\/schema.org\",\"@graph\":[{\"@type\":\"WebPage\",\"@id\":\"https:\/\/advpeters.com\/pt-br\/noticia\/\",\"url\":\"https:\/\/advpeters.com\/pt-br\/noticia\/\",\"name\":\"Peters Advogados Associados | Direito de fam\u00edlia na Su\u00ed\u00e7a e no Brasil\",\"isPartOf\":{\"@id\":\"https:\/\/advpeters.com\/pt-br\/#website\"},\"datePublished\":\"2019-03-21T00:57:19+00:00\",\"dateModified\":\"2019-09-15T09:53:47+00:00\",\"description\":\"Peters Advogados Associados - Os seus advogados representam voc\u00ea perante um tribunal em caso de divorcios, manuten\u00e7\u00e3o e sucess\u00e3o\",\"breadcrumb\":{\"@id\":\"https:\/\/advpeters.com\/pt-br\/noticia\/#breadcrumb\"},\"inLanguage\":\"pt-BR\",\"potentialAction\":[{\"@type\":\"ReadAction\",\"target\":[\"https:\/\/advpeters.com\/pt-br\/noticia\/\"]}]},{\"@type\":\"BreadcrumbList\",\"@id\":\"https:\/\/advpeters.com\/pt-br\/noticia\/#breadcrumb\",\"itemListElement\":[{\"@type\":\"ListItem\",\"position\":1,\"name\":\"Home\",\"item\":\"https:\/\/advpeters.com\/pt-br\/home\/\"},{\"@type\":\"ListItem\",\"position\":2,\"name\":\"Not\u00edcias\"}]},{\"@type\":\"WebSite\",\"@id\":\"https:\/\/advpeters.com\/pt-br\/#website\",\"url\":\"https:\/\/advpeters.com\/pt-br\/\",\"name\":\"ADV Peters\",\"description\":\"Anw\u00e4lte-Netzwerk\",\"potentialAction\":[{\"@type\":\"SearchAction\",\"target\":{\"@type\":\"EntryPoint\",\"urlTemplate\":\"https:\/\/advpeters.com\/pt-br\/?s={search_term_string}\"},\"query-input\":\"required name=search_term_string\"}],\"inLanguage\":\"pt-BR\"}]}<\/script>\n<!-- \/ Yoast SEO plugin. -->","yoast_head_json":{"title":"Peters Advogados Associados | Direito de fam\u00edlia na Su\u00ed\u00e7a e no Brasil","description":"Peters Advogados Associados - Os seus advogados representam voc\u00ea perante um tribunal em caso de divorcios, manuten\u00e7\u00e3o e sucess\u00e3o","robots":{"index":"index","follow":"follow","max-snippet":"max-snippet:-1","max-image-preview":"max-image-preview:large","max-video-preview":"max-video-preview:-1"},"canonical":"https:\/\/advpeters.com\/pt-br\/noticia\/","og_locale":"pt_BR","og_type":"article","og_title":"Peters Advogados Associados | Direito de fam\u00edlia na Su\u00ed\u00e7a e no Brasil","og_description":"Peters Advogados Associados - Os seus advogados representam voc\u00ea perante um tribunal em caso de divorcios, manuten\u00e7\u00e3o e sucess\u00e3o","og_url":"https:\/\/advpeters.com\/pt-br\/noticia\/","og_site_name":"ADV Peters","article_modified_time":"2019-09-15T09:53:47+00:00","twitter_card":"summary_large_image","twitter_misc":{"Est. tempo de leitura":"4 minutos"},"schema":{"@context":"https:\/\/schema.org","@graph":[{"@type":"WebPage","@id":"https:\/\/advpeters.com\/pt-br\/noticia\/","url":"https:\/\/advpeters.com\/pt-br\/noticia\/","name":"Peters Advogados Associados | Direito de fam\u00edlia na Su\u00ed\u00e7a e no Brasil","isPartOf":{"@id":"https:\/\/advpeters.com\/pt-br\/#website"},"datePublished":"2019-03-21T00:57:19+00:00","dateModified":"2019-09-15T09:53:47+00:00","description":"Peters Advogados Associados - Os seus advogados representam voc\u00ea perante um tribunal em caso de divorcios, manuten\u00e7\u00e3o e sucess\u00e3o","breadcrumb":{"@id":"https:\/\/advpeters.com\/pt-br\/noticia\/#breadcrumb"},"inLanguage":"pt-BR","potentialAction":[{"@type":"ReadAction","target":["https:\/\/advpeters.com\/pt-br\/noticia\/"]}]},{"@type":"BreadcrumbList","@id":"https:\/\/advpeters.com\/pt-br\/noticia\/#breadcrumb","itemListElement":[{"@type":"ListItem","position":1,"name":"Home","item":"https:\/\/advpeters.com\/pt-br\/home\/"},{"@type":"ListItem","position":2,"name":"Not\u00edcias"}]},{"@type":"WebSite","@id":"https:\/\/advpeters.com\/pt-br\/#website","url":"https:\/\/advpeters.com\/pt-br\/","name":"ADV Peters","description":"Anw\u00e4lte-Netzwerk","potentialAction":[{"@type":"SearchAction","target":{"@type":"EntryPoint","urlTemplate":"https:\/\/advpeters.com\/pt-br\/?s={search_term_string}"},"query-input":"required name=search_term_string"}],"inLanguage":"pt-BR"}]}},"_links":{"self":[{"href":"https:\/\/advpeters.com\/pt-br\/wp-json\/wp\/v2\/pages\/2080","targetHints":{"allow":["GET"]}}],"collection":[{"href":"https:\/\/advpeters.com\/pt-br\/wp-json\/wp\/v2\/pages"}],"about":[{"href":"https:\/\/advpeters.com\/pt-br\/wp-json\/wp\/v2\/types\/page"}],"author":[{"embeddable":true,"href":"https:\/\/advpeters.com\/pt-br\/wp-json\/wp\/v2\/users\/4"}],"replies":[{"embeddable":true,"href":"https:\/\/advpeters.com\/pt-br\/wp-json\/wp\/v2\/comments?post=2080"}],"version-history":[{"count":24,"href":"https:\/\/advpeters.com\/pt-br\/wp-json\/wp\/v2\/pages\/2080\/revisions"}],"predecessor-version":[{"id":3224,"href":"https:\/\/advpeters.com\/pt-br\/wp-json\/wp\/v2\/pages\/2080\/revisions\/3224"}],"wp:attachment":[{"href":"https:\/\/advpeters.com\/pt-br\/wp-json\/wp\/v2\/media?parent=2080"}],"curies":[{"name":"wp","href":"https:\/\/api.w.org\/{rel}","templated":true}]}}